{"id":1636,"date":"2023-09-27T20:10:03","date_gmt":"2023-09-27T20:10:03","guid":{"rendered":"https:\/\/www.cepillosirca.com\/?page_id=1636"},"modified":"2023-09-27T20:25:17","modified_gmt":"2023-09-27T20:25:17","slug":"linea-mixta-profesional","status":"publish","type":"page","link":"https:\/\/www.cepillosirca.com\/en\/linea-mixta-profesional\/","title":{"rendered":"Professional Mixed Line"},"content":{"rendered":"<div data-elementor-type=\"wp-page\" data-elementor-id=\"1636\" class=\"elementor elementor-1636\" data-elementor-post-type=\"page\">\n\t\t\t\t\t\t\t<div class=\"elementor-element elementor-element-39872aca e-flex e-con-boxed e-con e-parent\" data-id=\"39872aca\" data-element_type=\"container\" data-settings=\"{&quot;content_width&quot;:&quot;boxed&quot;}\" data-core-v316-plus=\"true\">\n\t\t\t\t\t<div class=\"e-con-inner\">\n\t\t\t\t<div class=\"elementor-element elementor-element-328466a3 elementor-widget elementor-widget-heading\" data-id=\"328466a3\" data-element_type=\"widget\" data-widget_type=\"heading.default\">\n\t\t\t\t<div class=\"elementor-widget-container\">\n\t\t\t<style>\/*! elementor - v3.16.0 - 20-09-2023 *\/\n.elementor-heading-title{padding:0;margin:0;line-height:1}.elementor-widget-heading .elementor-heading-title[class*=elementor-size-]>a{color:inherit;font-size:inherit;line-height:inherit}.elementor-widget-heading .elementor-heading-title.elementor-size-small{font-size:15px}.elementor-widget-heading .elementor-heading-title.elementor-size-medium{font-size:19px}.elementor-widget-heading .elementor-heading-title.elementor-size-large{font-size:29px}.elementor-widget-heading .elementor-heading-title.elementor-size-xl{font-size:39px}.elementor-widget-heading .elementor-heading-title.elementor-size-xxl{font-size:59px}<\/style><h2 class=\"elementor-heading-title elementor-size-default\"><a href=\"https:\/\/www.cepillosirca.com\/en\/\" style=\"font-size: 12.88px; background-color: rgb(255, 255, 255); color: rgb(118, 118, 118); font-family: &quot;Open Sans&quot;, Arial, sans-serif; font-weight: 500; white-space-collapse: collapse;\">Home<\/a><span style=\"color: rgb(118, 118, 118); font-family: &quot;Open Sans&quot;, Arial, sans-serif; font-size: 12.88px; font-weight: 500; white-space-collapse: collapse; background-color: rgb(255, 255, 255);\">&nbsp;\/&nbsp;<\/span><span style=\"color: rgb(118, 118, 118); font-family: &quot;Open Sans&quot;, Arial, sans-serif; font-size: 12.88px; font-weight: 500; white-space-collapse: collapse; background-color: rgb(255, 255, 255);\">Professional Mixed Line<\/span><\/h2>\t\t<\/div>\n\t\t\t\t<\/div>\n\t\t\t\t\t<\/div>\n\t\t\t\t<\/div>\n\t\t<div class=\"elementor-element elementor-element-791cb876 e-flex e-con-boxed e-con e-parent\" data-id=\"791cb876\" data-element_type=\"container\" data-settings=\"{&quot;content_width&quot;:&quot;boxed&quot;}\" data-core-v316-plus=\"true\">\n\t\t\t\t\t<div class=\"e-con-inner\">\n\t\t\t\t<div class=\"elementor-element elementor-element-20f0a010 elementor-widget elementor-widget-heading\" data-id=\"20f0a010\" data-element_type=\"widget\" data-widget_type=\"heading.default\">\n\t\t\t\t<div class=\"elementor-widget-container\">\n\t\t\t<h2 class=\"elementor-heading-title elementor-size-default\"><h1 style=\"background-color: rgb(255, 255, 255); font-family: &quot;Open Sans&quot;, Arial, sans-serif; white-space-collapse: collapse;\">Professional Mixed Line<\/h1><\/h2>\t\t<\/div>\n\t\t\t\t<\/div>\n\t\t\t\t\t<\/div>\n\t\t\t\t<\/div>\n\t\t<div class=\"elementor-element elementor-element-1dab0db2 e-flex e-con-boxed e-con e-parent\" data-id=\"1dab0db2\" data-element_type=\"container\" data-settings=\"{&quot;content_width&quot;:&quot;boxed&quot;}\" data-core-v316-plus=\"true\">\n\t\t\t\t\t<div class=\"e-con-inner\">\n\t\t<div class=\"elementor-element elementor-element-11ee2f70 e-con-full e-flex e-con e-child\" data-id=\"11ee2f70\" data-element_type=\"container\" data-settings=\"{&quot;content_width&quot;:&quot;full&quot;}\">\n\t\t\t\t<div class=\"elementor-element elementor-element-4e84973f elementor-widget elementor-widget-video\" data-id=\"4e84973f\" data-element_type=\"widget\" data-settings=\"{&quot;video_type&quot;:&quot;hosted&quot;,&quot;controls&quot;:&quot;yes&quot;}\" data-widget_type=\"video.default\">\n\t\t\t\t<div class=\"elementor-widget-container\">\n\t\t\t<style>\/*! elementor - v3.16.0 - 20-09-2023 *\/\n.elementor-widget-video .elementor-widget-container{overflow:hidden;transform:translateZ(0)}.elementor-widget-video .elementor-wrapper{aspect-ratio:var(--video-aspect-ratio)}.elementor-widget-video .elementor-wrapper iframe,.elementor-widget-video .elementor-wrapper video{height:100%;width:100%;display:flex;border:none;background-color:#000}@supports not (aspect-ratio:1\/1){.elementor-widget-video .elementor-wrapper{position:relative;overflow:hidden;height:0;padding-bottom:calc(100% \/ var(--video-aspect-ratio))}.elementor-widget-video .elementor-wrapper iframe,.elementor-widget-video .elementor-wrapper video{position:absolute;top:0;right:0;bottom:0;left:0}}.elementor-widget-video .elementor-open-inline .elementor-custom-embed-image-overlay{position:absolute;top:0;right:0;bottom:0;left:0;background-size:cover;background-position:50%}.elementor-widget-video .elementor-custom-embed-image-overlay{cursor:pointer;text-align:center}.elementor-widget-video .elementor-custom-embed-image-overlay:hover .elementor-custom-embed-play i{opacity:1}.elementor-widget-video .elementor-custom-embed-image-overlay img{display:block;width:100%;aspect-ratio:var(--video-aspect-ratio);-o-object-fit:cover;object-fit:cover;-o-object-position:center center;object-position:center center}@supports not (aspect-ratio:1\/1){.elementor-widget-video .elementor-custom-embed-image-overlay{position:relative;overflow:hidden;height:0;padding-bottom:calc(100% \/ var(--video-aspect-ratio))}.elementor-widget-video .elementor-custom-embed-image-overlay img{position:absolute;top:0;right:0;bottom:0;left:0}}.elementor-widget-video .e-hosted-video .elementor-video{-o-object-fit:cover;object-fit:cover}.e-con-inner>.elementor-widget-video,.e-con>.elementor-widget-video{width:var(--container-widget-width);--flex-grow:var(--container-widget-flex-grow)}<\/style>\t\t<div class=\"e-hosted-video elementor-wrapper elementor-open-inline\">\n\t\t\t\t\t<video class=\"elementor-video\" src=\"https:\/\/www.cepillosirca.com\/wp-content\/uploads\/2023\/09\/video-3.mp4\" controls=\"\" preload=\"metadata\" controlslist=\"nodownload\" poster=\"https:\/\/www.cepillosirca.com\/wp-content\/uploads\/2023\/09\/WhatsApp-Image-2023-09-27-at-9.34.30-AM.jpeg\"><\/video>\n\t\t\t\t<\/div>\n\t\t\t\t<\/div>\n\t\t\t\t<\/div>\n\t\t\t\t<\/div>\n\t\t<div class=\"elementor-element elementor-element-4b6dbb56 e-con-full e-flex e-con e-child\" data-id=\"4b6dbb56\" data-element_type=\"container\" data-settings=\"{&quot;content_width&quot;:&quot;full&quot;}\">\n\t\t\t\t<div class=\"elementor-element elementor-element-30b4ef6b elementor-widget__width-initial elementor-hidden-tablet elementor-widget elementor-widget-text-editor\" data-id=\"30b4ef6b\" data-element_type=\"widget\" data-widget_type=\"text-editor.default\">\n\t\t\t\t<div class=\"elementor-widget-container\">\n\t\t\t<style>\/*! elementor - v3.16.0 - 20-09-2023 *\/\n.elementor-widget-text-editor.elementor-drop-cap-view-stacked .elementor-drop-cap{background-color:#69727d;color:#fff}.elementor-widget-text-editor.elementor-drop-cap-view-framed .elementor-drop-cap{color:#69727d;border:3px solid;background-color:transparent}.elementor-widget-text-editor:not(.elementor-drop-cap-view-default) .elementor-drop-cap{margin-top:8px}.elementor-widget-text-editor:not(.elementor-drop-cap-view-default) .elementor-drop-cap-letter{width:1em;height:1em}.elementor-widget-text-editor .elementor-drop-cap{float:left;text-align:center;line-height:1;font-size:50px}.elementor-widget-text-editor .elementor-drop-cap-letter{display:inline-block}<\/style>\t\t\t\t<p><strong>Did you know that you can avoid hair damage, with an ideal gently brush?<\/strong><\/p><p>Perfect blend of natural boar bristle and nylon that soothes, while cleansing and distributing the hair's natural oils, sealing the cuticle and increasing shine and vitality. Recommended for normal, mixed and over-processed hair of medium density.<\/p>\t\t\t\t\t\t<\/div>\n\t\t\t\t<\/div>\n\t\t\t\t<\/div>\n\t\t\t\t\t<\/div>\n\t\t\t\t<\/div>\n\t\t<div class=\"elementor-element elementor-element-53748bcd e-flex e-con-boxed e-con e-parent\" data-id=\"53748bcd\" data-element_type=\"container\" data-settings=\"{&quot;content_width&quot;:&quot;boxed&quot;}\" data-core-v316-plus=\"true\">\n\t\t\t\t\t<div class=\"e-con-inner\">\n\t\t\t\t<div class=\"elementor-element elementor-element-331590eb elementor-grid-3 e-transform e-transform elementor-grid-tablet-3 elementor-grid-mobile-2 elementor-products-grid elementor-wc-products elementor-show-pagination-border-yes elementor-widget elementor-widget-woocommerce-products\" data-id=\"331590eb\" data-element_type=\"widget\" data-settings=\"{&quot;_transform_skewX_effect_hover&quot;:{&quot;unit&quot;:&quot;px&quot;,&quot;size&quot;:0,&quot;sizes&quot;:[]},&quot;_transform_skewX_effect&quot;:{&quot;unit&quot;:&quot;px&quot;,&quot;size&quot;:&quot;&quot;,&quot;sizes&quot;:[]},&quot;_transform_skewX_effect_tablet&quot;:{&quot;unit&quot;:&quot;deg&quot;,&quot;size&quot;:&quot;&quot;,&quot;sizes&quot;:[]},&quot;_transform_skewX_effect_mobile&quot;:{&quot;unit&quot;:&quot;deg&quot;,&quot;size&quot;:&quot;&quot;,&quot;sizes&quot;:[]},&quot;_transform_skewY_effect&quot;:{&quot;unit&quot;:&quot;px&quot;,&quot;size&quot;:&quot;&quot;,&quot;sizes&quot;:[]},&quot;_transform_skewY_effect_tablet&quot;:{&quot;unit&quot;:&quot;deg&quot;,&quot;size&quot;:&quot;&quot;,&quot;sizes&quot;:[]},&quot;_transform_skewY_effect_mobile&quot;:{&quot;unit&quot;:&quot;deg&quot;,&quot;size&quot;:&quot;&quot;,&quot;sizes&quot;:[]},&quot;_transform_skewX_effect_hover_tablet&quot;:{&quot;unit&quot;:&quot;deg&quot;,&quot;size&quot;:&quot;&quot;,&quot;sizes&quot;:[]},&quot;_transform_skewX_effect_hover_mobile&quot;:{&quot;unit&quot;:&quot;deg&quot;,&quot;size&quot;:&quot;&quot;,&quot;sizes&quot;:[]},&quot;_transform_skewY_effect_hover&quot;:{&quot;unit&quot;:&quot;px&quot;,&quot;size&quot;:&quot;&quot;,&quot;sizes&quot;:[]},&quot;_transform_skewY_effect_hover_tablet&quot;:{&quot;unit&quot;:&quot;deg&quot;,&quot;size&quot;:&quot;&quot;,&quot;sizes&quot;:[]},&quot;_transform_skewY_effect_hover_mobile&quot;:{&quot;unit&quot;:&quot;deg&quot;,&quot;size&quot;:&quot;&quot;,&quot;sizes&quot;:[]}}\" data-widget_type=\"woocommerce-products.default\">\n\t\t\t\t<div class=\"elementor-widget-container\">\n\t\t\t<link rel=\"stylesheet\" href=\"https:\/\/www.cepillosirca.com\/wp-content\/plugins\/pro-elements\/assets\/css\/widget-woocommerce.min.css\"><div class=\"woocommerce columns-3\"><ul class=\"products elementor-grid columns-3\">\n<li class=\"product type-product post-475 status-publish first instock product_cat-linea-mixta product_tag-cepillo-profesional-irca-linea-beauty-academy-penacho product_tag-cepillo-profesional-linea-beauty-academy-penacho product_tag-cepillos-irca product_tag-cepillos-profesionales-de-peluqueria product_tag-cepillos-profesionales-para-el-pelo has-post-thumbnail shipping-taxable product-type-simple\">\n\t<\/li>\n<li class=\"product type-product post-374 status-publish instock product_cat-linea-mixta product_tag-cepillo-profesional-irca-sport-net product_tag-cepillo-profesional-sport-net product_tag-cepillos-irca product_tag-cepillos-profesionales-de-peluqueria product_tag-cepillos-profesionales-para-el-pelo has-post-thumbnail shipping-taxable product-type-simple\">\n\t<\/li>\n<li class=\"product type-product post-395 status-publish last instock product_cat-linea-mixta product_tag-cepillo-profesional-irca-linea-ebony product_tag-cepillo-profesional-linea-ebony product_tag-cepillos-irca product_tag-cepillos-profesionales-de-peluqueria product_tag-cepillos-profesionales-para-el-pelo has-post-thumbnail shipping-taxable product-type-simple\">\n\t<\/li>\n<li class=\"product type-product post-464 status-publish first instock product_cat-linea-mixta product_tag-cepillo-profesional-irca-linea-wengle product_tag-cepillo-profesional-linea-wengle product_tag-cepillos-irca product_tag-cepillos-profesionales-con-cerdas-mixtas product_tag-cepillos-profesionales-de-peluqueria product_tag-cepillos-profesionales-para-el-pelo has-post-thumbnail shipping-taxable product-type-simple\">\n\t<\/li>\n<li class=\"product type-product post-1428 status-publish instock product_cat-linea-mixta product_tag-cepillo-profesional-irca-sport-net product_tag-cepillo-profesional-sport-net product_tag-cepillos-irca product_tag-cepillos-profesionales-de-peluqueria product_tag-cepillos-profesionales-para-el-pelo has-post-thumbnail shipping-taxable product-type-simple\">\n\t<\/li>\n<li class=\"product type-product post-370 status-publish last instock product_cat-linea-mixta product_tag-cepillo-profesional-irca-linea-sahara product_tag-cepillo-profesional-linea-sahara product_tag-cepillos-irca product_tag-cepillos-profesionales-de-peluqueria product_tag-cepillos-profesionales-para-el-pelo has-post-thumbnail shipping-taxable product-type-simple\">\n\t<\/li>\n<li class=\"product type-product post-1431 status-publish first instock product_cat-linea-mixta product_tag-cepillo-profesional-irca-sport-net product_tag-cepillo-profesional-sport-net product_tag-cepillos-irca product_tag-cepillos-profesionales-de-peluqueria product_tag-cepillos-profesionales-para-el-pelo has-post-thumbnail shipping-taxable product-type-simple\">\n\t<\/li>\n<li class=\"product type-product post-390 status-publish instock product_cat-linea-mixta product_tag-cepillo-profesional-irca-linea-venus product_tag-cepillo-profesional-linea-venus product_tag-cepillos-irca product_tag-cepillos-para-el-pelo-de-cerdas-mixtas product_tag-cepillos-profesionales-con-cerdas-naturales-reforzadas product_tag-cepillos-profesionales-de-peluqueria product_tag-cepillos-profesionales-para-el-pelo has-post-thumbnail shipping-taxable product-type-simple\">\n\t<\/li>\n<li class=\"product type-product post-403 status-publish last instock product_cat-linea-mixta product_tag-cepillo-profesional-irca-linea-woody-pro product_tag-cepillo-profesional-linea-woody-pro product_tag-cepillos-irca product_tag-cepillos-profesionales-con-cerdas-naturales-reforzadas product_tag-cepillos-profesionales-de-peluqueria product_tag-cepillos-profesionales-para-el-pelo has-post-thumbnail shipping-taxable product-type-simple\">\n\t<\/li>\n<\/ul>\n<\/div>\t\t<\/div>\n\t\t\t\t<\/div>\n\t\t\t\t\t<\/div>\n\t\t\t\t<\/div>\n\t\t\t\t\t\t\t<\/div>","protected":false},"excerpt":{"rendered":"<p>Inicio&nbsp;\/&nbsp;L\u00ednea Mixta Profesional L\u00ednea Mixta Profesional https:\/\/www.cepillosirca.com\/wp-content\/uploads\/2023\/09\/video-3.mp4 \u00bfSab\u00edas que para evitar maltrato en el pelo es ideal cepillar suavemente? Mezcla perfecta de cerda natural de jabal\u00ed y nylon que alisa mientras limpia y distribuye los aceites naturales del cabello sellando la cut\u00edcula y aumentando su brillo y vitalidad. Recomendados para cabellos normales, mixtos y sobre [&hellip;]<\/p>","protected":false},"author":1,"featured_media":0,"parent":0,"menu_order":0,"comment_status":"closed","ping_status":"closed","template":"","meta":{"_et_pb_use_builder":"","_et_pb_old_content":"","_et_gb_content_width":"","footnotes":""},"class_list":["post-1636","page","type-page","status-publish","hentry"],"yoast_head":"<!-- This site is optimized with the Yoast SEO plugin v21.0 - https:\/\/yoast.com\/wordpress\/plugins\/seo\/ -->\n<title>L\u00ednea Mixta Profesional | Cepillos Irca<\/title>\n<meta name=\"robots\" content=\"index, follow, max-snippet:-1, max-image-preview:large, max-video-preview:-1\" \/>\n<link rel=\"canonical\" href=\"https:\/\/www.cepillosirca.com\/en\/linea-mixta-profesional\/\" \/>\n<meta property=\"og:locale\" content=\"en_US\" \/>\n<meta property=\"og:type\" content=\"article\" \/>\n<meta property=\"og:title\" content=\"L\u00ednea Mixta Profesional | Cepillos Irca\" \/>\n<meta property=\"og:description\" content=\"Inicio&nbsp;\/&nbsp;L\u00ednea Mixta Profesional L\u00ednea Mixta Profesional https:\/\/www.cepillosirca.com\/wp-content\/uploads\/2023\/09\/video-3.mp4 \u00bfSab\u00edas que para evitar maltrato en el pelo es ideal cepillar suavemente? Mezcla perfecta de cerda natural de jabal\u00ed y nylon que alisa mientras limpia y distribuye los aceites naturales del cabello sellando la cut\u00edcula y aumentando su brillo y vitalidad. Recomendados para cabellos normales, mixtos y sobre [&hellip;]\" \/>\n<meta property=\"og:url\" content=\"https:\/\/www.cepillosirca.com\/en\/linea-mixta-profesional\/\" \/>\n<meta property=\"og:site_name\" content=\"Cepillos Irca\" \/>\n<meta property=\"article:modified_time\" content=\"2023-09-27T20:25:17+00:00\" \/>\n<meta name=\"twitter:card\" content=\"summary_large_image\" \/>\n<meta name=\"twitter:label1\" content=\"Est. reading time\" \/>\n\t<meta name=\"twitter:data1\" content=\"3 minutes\" \/>\n<script type=\"application\/ld+json\" class=\"yoast-schema-graph\">{\"@context\":\"https:\/\/schema.org\",\"@graph\":[{\"@type\":\"WebPage\",\"@id\":\"https:\/\/www.cepillosirca.com\/linea-mixta-profesional\/\",\"url\":\"https:\/\/www.cepillosirca.com\/linea-mixta-profesional\/\",\"name\":\"L\u00ednea Mixta Profesional | Cepillos Irca\",\"isPartOf\":{\"@id\":\"https:\/\/www.cepillosirca.com\/#website\"},\"datePublished\":\"2023-09-27T20:10:03+00:00\",\"dateModified\":\"2023-09-27T20:25:17+00:00\",\"breadcrumb\":{\"@id\":\"https:\/\/www.cepillosirca.com\/linea-mixta-profesional\/#breadcrumb\"},\"inLanguage\":\"en-US\",\"potentialAction\":[{\"@type\":\"ReadAction\",\"target\":[\"https:\/\/www.cepillosirca.com\/linea-mixta-profesional\/\"]}]},{\"@type\":\"BreadcrumbList\",\"@id\":\"https:\/\/www.cepillosirca.com\/linea-mixta-profesional\/#breadcrumb\",\"itemListElement\":[{\"@type\":\"ListItem\",\"position\":1,\"name\":\"Portada\",\"item\":\"https:\/\/www.cepillosirca.com\/\"},{\"@type\":\"ListItem\",\"position\":2,\"name\":\"L\u00ednea Mixta Profesional\"}]},{\"@type\":\"WebSite\",\"@id\":\"https:\/\/www.cepillosirca.com\/#website\",\"url\":\"https:\/\/www.cepillosirca.com\/\",\"name\":\"Cepillos Irca\",\"description\":\"Cepillos Irca\",\"publisher\":{\"@id\":\"https:\/\/www.cepillosirca.com\/#organization\"},\"potentialAction\":[{\"@type\":\"SearchAction\",\"target\":{\"@type\":\"EntryPoint\",\"urlTemplate\":\"https:\/\/www.cepillosirca.com\/?s={search_term_string}\"},\"query-input\":\"required name=search_term_string\"}],\"inLanguage\":\"en-US\"},{\"@type\":\"Organization\",\"@id\":\"https:\/\/www.cepillosirca.com\/#organization\",\"name\":\"Cepillos Irca\",\"url\":\"https:\/\/www.cepillosirca.com\/\",\"logo\":{\"@type\":\"ImageObject\",\"inLanguage\":\"en-US\",\"@id\":\"https:\/\/www.cepillosirca.com\/#\/schema\/logo\/image\/\",\"url\":\"https:\/\/www.cepillosirca.com\/wp-content\/uploads\/2021\/06\/logo-industrias-irca.jpg\",\"contentUrl\":\"https:\/\/www.cepillosirca.com\/wp-content\/uploads\/2021\/06\/logo-industrias-irca.jpg\",\"width\":333,\"height\":151,\"caption\":\"Cepillos Irca\"},\"image\":{\"@id\":\"https:\/\/www.cepillosirca.com\/#\/schema\/logo\/image\/\"}}]}<\/script>\n<!-- \/ Yoast SEO plugin. -->","yoast_head_json":{"title":"L\u00ednea Mixta Profesional | Cepillos Irca","robots":{"index":"index","follow":"follow","max-snippet":"max-snippet:-1","max-image-preview":"max-image-preview:large","max-video-preview":"max-video-preview:-1"},"canonical":"https:\/\/www.cepillosirca.com\/en\/linea-mixta-profesional\/","og_locale":"en_US","og_type":"article","og_title":"L\u00ednea Mixta Profesional | Cepillos Irca","og_description":"Inicio&nbsp;\/&nbsp;L\u00ednea Mixta Profesional L\u00ednea Mixta Profesional https:\/\/www.cepillosirca.com\/wp-content\/uploads\/2023\/09\/video-3.mp4 \u00bfSab\u00edas que para evitar maltrato en el pelo es ideal cepillar suavemente? Mezcla perfecta de cerda natural de jabal\u00ed y nylon que alisa mientras limpia y distribuye los aceites naturales del cabello sellando la cut\u00edcula y aumentando su brillo y vitalidad. Recomendados para cabellos normales, mixtos y sobre [&hellip;]","og_url":"https:\/\/www.cepillosirca.com\/en\/linea-mixta-profesional\/","og_site_name":"Cepillos Irca","article_modified_time":"2023-09-27T20:25:17+00:00","twitter_card":"summary_large_image","twitter_misc":{"Est. reading time":"3 minutes"},"schema":{"@context":"https:\/\/schema.org","@graph":[{"@type":"WebPage","@id":"https:\/\/www.cepillosirca.com\/linea-mixta-profesional\/","url":"https:\/\/www.cepillosirca.com\/linea-mixta-profesional\/","name":"L\u00ednea Mixta Profesional | Cepillos Irca","isPartOf":{"@id":"https:\/\/www.cepillosirca.com\/#website"},"datePublished":"2023-09-27T20:10:03+00:00","dateModified":"2023-09-27T20:25:17+00:00","breadcrumb":{"@id":"https:\/\/www.cepillosirca.com\/linea-mixta-profesional\/#breadcrumb"},"inLanguage":"en-US","potentialAction":[{"@type":"ReadAction","target":["https:\/\/www.cepillosirca.com\/linea-mixta-profesional\/"]}]},{"@type":"BreadcrumbList","@id":"https:\/\/www.cepillosirca.com\/linea-mixta-profesional\/#breadcrumb","itemListElement":[{"@type":"ListItem","position":1,"name":"Portada","item":"https:\/\/www.cepillosirca.com\/"},{"@type":"ListItem","position":2,"name":"L\u00ednea Mixta Profesional"}]},{"@type":"WebSite","@id":"https:\/\/www.cepillosirca.com\/#website","url":"https:\/\/www.cepillosirca.com\/","name":"Cepillos Irca","description":"Cepillos Irca","publisher":{"@id":"https:\/\/www.cepillosirca.com\/#organization"},"potentialAction":[{"@type":"SearchAction","target":{"@type":"EntryPoint","urlTemplate":"https:\/\/www.cepillosirca.com\/?s={search_term_string}"},"query-input":"required name=search_term_string"}],"inLanguage":"en-US"},{"@type":"Organization","@id":"https:\/\/www.cepillosirca.com\/#organization","name":"Cepillos Irca","url":"https:\/\/www.cepillosirca.com\/","logo":{"@type":"ImageObject","inLanguage":"en-US","@id":"https:\/\/www.cepillosirca.com\/#\/schema\/logo\/image\/","url":"https:\/\/www.cepillosirca.com\/wp-content\/uploads\/2021\/06\/logo-industrias-irca.jpg","contentUrl":"https:\/\/www.cepillosirca.com\/wp-content\/uploads\/2021\/06\/logo-industrias-irca.jpg","width":333,"height":151,"caption":"Cepillos Irca"},"image":{"@id":"https:\/\/www.cepillosirca.com\/#\/schema\/logo\/image\/"}}]}},"_links":{"self":[{"href":"https:\/\/www.cepillosirca.com\/en\/wp-json\/wp\/v2\/pages\/1636","targetHints":{"allow":["GET"]}}],"collection":[{"href":"https:\/\/www.cepillosirca.com\/en\/wp-json\/wp\/v2\/pages"}],"about":[{"href":"https:\/\/www.cepillosirca.com\/en\/wp-json\/wp\/v2\/types\/page"}],"author":[{"embeddable":true,"href":"https:\/\/www.cepillosirca.com\/en\/wp-json\/wp\/v2\/users\/1"}],"replies":[{"embeddable":true,"href":"https:\/\/www.cepillosirca.com\/en\/wp-json\/wp\/v2\/comments?post=1636"}],"version-history":[{"count":7,"href":"https:\/\/www.cepillosirca.com\/en\/wp-json\/wp\/v2\/pages\/1636\/revisions"}],"predecessor-version":[{"id":1653,"href":"https:\/\/www.cepillosirca.com\/en\/wp-json\/wp\/v2\/pages\/1636\/revisions\/1653"}],"wp:attachment":[{"href":"https:\/\/www.cepillosirca.com\/en\/wp-json\/wp\/v2\/media?parent=1636"}],"curies":[{"name":"wp","href":"https:\/\/api.w.org\/{rel}","templated":true}]}}