{"id":1644,"date":"2023-09-27T20:20:37","date_gmt":"2023-09-27T20:20:37","guid":{"rendered":"https:\/\/www.cepillosirca.com\/?page_id=1644"},"modified":"2023-09-27T20:28:00","modified_gmt":"2023-09-27T20:28:00","slug":"linea-penacho-profesional","status":"publish","type":"page","link":"https:\/\/www.cepillosirca.com\/en\/linea-penacho-profesional\/","title":{"rendered":"Professional Tuft-Type Line"},"content":{"rendered":"<div data-elementor-type=\"wp-page\" data-elementor-id=\"1644\" class=\"elementor elementor-1644\" data-elementor-post-type=\"page\">\n\t\t\t\t\t\t\t<div class=\"elementor-element elementor-element-2177368d e-flex e-con-boxed e-con e-parent\" data-id=\"2177368d\" data-element_type=\"container\" data-settings=\"{&quot;content_width&quot;:&quot;boxed&quot;}\" data-core-v316-plus=\"true\">\n\t\t\t\t\t<div class=\"e-con-inner\">\n\t\t\t\t<div class=\"elementor-element elementor-element-1d340052 elementor-widget elementor-widget-heading\" data-id=\"1d340052\" data-element_type=\"widget\" data-widget_type=\"heading.default\">\n\t\t\t\t<div class=\"elementor-widget-container\">\n\t\t\t<style>\/*! elementor - v3.16.0 - 20-09-2023 *\/\n.elementor-heading-title{padding:0;margin:0;line-height:1}.elementor-widget-heading .elementor-heading-title[class*=elementor-size-]>a{color:inherit;font-size:inherit;line-height:inherit}.elementor-widget-heading .elementor-heading-title.elementor-size-small{font-size:15px}.elementor-widget-heading .elementor-heading-title.elementor-size-medium{font-size:19px}.elementor-widget-heading .elementor-heading-title.elementor-size-large{font-size:29px}.elementor-widget-heading .elementor-heading-title.elementor-size-xl{font-size:39px}.elementor-widget-heading .elementor-heading-title.elementor-size-xxl{font-size:59px}<\/style><h2 class=\"elementor-heading-title elementor-size-default\"><a href=\"https:\/\/www.cepillosirca.com\/en\/\" style=\"font-size: 12.88px; background-color: rgb(255, 255, 255); color: rgb(118, 118, 118); font-family: &quot;Open Sans&quot;, Arial, sans-serif; font-weight: 500; white-space-collapse: collapse;\">Home<\/a><span style=\"color: rgb(118, 118, 118); font-family: &quot;Open Sans&quot;, Arial, sans-serif; font-size: 12.88px; font-weight: 500; white-space-collapse: collapse; background-color: rgb(255, 255, 255);\">&nbsp;\/Professional Tuft-Type Line<\/span><\/h2>\t\t<\/div>\n\t\t\t\t<\/div>\n\t\t\t\t\t<\/div>\n\t\t\t\t<\/div>\n\t\t<div class=\"elementor-element elementor-element-4bc765cd e-flex e-con-boxed e-con e-parent\" data-id=\"4bc765cd\" data-element_type=\"container\" data-settings=\"{&quot;content_width&quot;:&quot;boxed&quot;}\" data-core-v316-plus=\"true\">\n\t\t\t\t\t<div class=\"e-con-inner\">\n\t\t\t\t<div class=\"elementor-element elementor-element-4206d559 elementor-widget elementor-widget-heading\" data-id=\"4206d559\" data-element_type=\"widget\" data-widget_type=\"heading.default\">\n\t\t\t\t<div class=\"elementor-widget-container\">\n\t\t\t<h2 class=\"elementor-heading-title elementor-size-default\"><h1 style=\"background-color: rgb(255, 255, 255); font-family: &quot;Open Sans&quot;, Arial, sans-serif; white-space-collapse: collapse;\">Professional Tuft-Type Line<\/h1><\/h2>\t\t<\/div>\n\t\t\t\t<\/div>\n\t\t\t\t\t<\/div>\n\t\t\t\t<\/div>\n\t\t<div class=\"elementor-element elementor-element-4cb0207d e-flex e-con-boxed e-con e-parent\" data-id=\"4cb0207d\" data-element_type=\"container\" data-settings=\"{&quot;content_width&quot;:&quot;boxed&quot;}\" data-core-v316-plus=\"true\">\n\t\t\t\t\t<div class=\"e-con-inner\">\n\t\t\t\t<div class=\"elementor-element elementor-element-cb6df81 elementor-widget elementor-widget-video\" data-id=\"cb6df81\" data-element_type=\"widget\" data-settings=\"{&quot;video_type&quot;:&quot;hosted&quot;,&quot;controls&quot;:&quot;yes&quot;}\" data-widget_type=\"video.default\">\n\t\t\t\t<div class=\"elementor-widget-container\">\n\t\t\t<style>\/*! elementor - v3.16.0 - 20-09-2023 *\/\n.elementor-widget-video .elementor-widget-container{overflow:hidden;transform:translateZ(0)}.elementor-widget-video .elementor-wrapper{aspect-ratio:var(--video-aspect-ratio)}.elementor-widget-video .elementor-wrapper iframe,.elementor-widget-video .elementor-wrapper video{height:100%;width:100%;display:flex;border:none;background-color:#000}@supports not (aspect-ratio:1\/1){.elementor-widget-video .elementor-wrapper{position:relative;overflow:hidden;height:0;padding-bottom:calc(100% \/ var(--video-aspect-ratio))}.elementor-widget-video .elementor-wrapper iframe,.elementor-widget-video .elementor-wrapper video{position:absolute;top:0;right:0;bottom:0;left:0}}.elementor-widget-video .elementor-open-inline .elementor-custom-embed-image-overlay{position:absolute;top:0;right:0;bottom:0;left:0;background-size:cover;background-position:50%}.elementor-widget-video .elementor-custom-embed-image-overlay{cursor:pointer;text-align:center}.elementor-widget-video .elementor-custom-embed-image-overlay:hover .elementor-custom-embed-play i{opacity:1}.elementor-widget-video .elementor-custom-embed-image-overlay img{display:block;width:100%;aspect-ratio:var(--video-aspect-ratio);-o-object-fit:cover;object-fit:cover;-o-object-position:center center;object-position:center center}@supports not (aspect-ratio:1\/1){.elementor-widget-video .elementor-custom-embed-image-overlay{position:relative;overflow:hidden;height:0;padding-bottom:calc(100% \/ var(--video-aspect-ratio))}.elementor-widget-video .elementor-custom-embed-image-overlay img{position:absolute;top:0;right:0;bottom:0;left:0}}.elementor-widget-video .e-hosted-video .elementor-video{-o-object-fit:cover;object-fit:cover}.e-con-inner>.elementor-widget-video,.e-con>.elementor-widget-video{width:var(--container-widget-width);--flex-grow:var(--container-widget-flex-grow)}<\/style>\t\t<div class=\"e-hosted-video elementor-wrapper elementor-open-inline\">\n\t\t\t\t\t<video class=\"elementor-video\" src=\"https:\/\/www.cepillosirca.com\/wp-content\/uploads\/2023\/09\/video-4.mp4\" controls=\"\" preload=\"metadata\" controlslist=\"nodownload\" poster=\"https:\/\/www.cepillosirca.com\/wp-content\/uploads\/2021\/12\/cuidado-capilar-industrias-irca.jpg\"><\/video>\n\t\t\t\t<\/div>\n\t\t\t\t<\/div>\n\t\t\t\t<\/div>\n\t\t<div class=\"elementor-element elementor-element-125a88a7 e-con-full e-flex e-con e-child\" data-id=\"125a88a7\" data-element_type=\"container\" data-settings=\"{&quot;content_width&quot;:&quot;full&quot;}\">\n\t\t\t\t<div class=\"elementor-element elementor-element-47273fdd elementor-widget__width-initial elementor-hidden-tablet elementor-widget elementor-widget-text-editor\" data-id=\"47273fdd\" data-element_type=\"widget\" data-widget_type=\"text-editor.default\">\n\t\t\t\t<div class=\"elementor-widget-container\">\n\t\t\t<style>\/*! elementor - v3.16.0 - 20-09-2023 *\/\n.elementor-widget-text-editor.elementor-drop-cap-view-stacked .elementor-drop-cap{background-color:#69727d;color:#fff}.elementor-widget-text-editor.elementor-drop-cap-view-framed .elementor-drop-cap{color:#69727d;border:3px solid;background-color:transparent}.elementor-widget-text-editor:not(.elementor-drop-cap-view-default) .elementor-drop-cap{margin-top:8px}.elementor-widget-text-editor:not(.elementor-drop-cap-view-default) .elementor-drop-cap-letter{width:1em;height:1em}.elementor-widget-text-editor .elementor-drop-cap{float:left;text-align:center;line-height:1;font-size:50px}.elementor-widget-text-editor .elementor-drop-cap-letter{display:inline-block}<\/style>\t\t\t\t<p>Excellent combination of different gauges Nylon. A long nylon filament that penetrates the hair to detangle it, while the short surrounding strand organizes, stretches and shapes the hair. Ideal for thick and difficult-to-control hair.<\/p>\t\t\t\t\t\t<\/div>\n\t\t\t\t<\/div>\n\t\t\t\t<\/div>\n\t\t\t\t\t<\/div>\n\t\t\t\t<\/div>\n\t\t<div class=\"elementor-element elementor-element-4c3dbd41 e-flex e-con-boxed e-con e-parent\" data-id=\"4c3dbd41\" data-element_type=\"container\" data-settings=\"{&quot;content_width&quot;:&quot;boxed&quot;}\" data-core-v316-plus=\"true\">\n\t\t\t\t\t<div class=\"e-con-inner\">\n\t\t\t\t<div class=\"elementor-element elementor-element-43b4a43b elementor-grid-3 e-transform e-transform elementor-grid-tablet-3 elementor-grid-mobile-2 elementor-products-grid elementor-wc-products elementor-show-pagination-border-yes elementor-widget elementor-widget-woocommerce-products\" data-id=\"43b4a43b\" data-element_type=\"widget\" data-settings=\"{&quot;_transform_skewX_effect_hover&quot;:{&quot;unit&quot;:&quot;px&quot;,&quot;size&quot;:0,&quot;sizes&quot;:[]},&quot;_transform_skewX_effect&quot;:{&quot;unit&quot;:&quot;px&quot;,&quot;size&quot;:&quot;&quot;,&quot;sizes&quot;:[]},&quot;_transform_skewX_effect_tablet&quot;:{&quot;unit&quot;:&quot;deg&quot;,&quot;size&quot;:&quot;&quot;,&quot;sizes&quot;:[]},&quot;_transform_skewX_effect_mobile&quot;:{&quot;unit&quot;:&quot;deg&quot;,&quot;size&quot;:&quot;&quot;,&quot;sizes&quot;:[]},&quot;_transform_skewY_effect&quot;:{&quot;unit&quot;:&quot;px&quot;,&quot;size&quot;:&quot;&quot;,&quot;sizes&quot;:[]},&quot;_transform_skewY_effect_tablet&quot;:{&quot;unit&quot;:&quot;deg&quot;,&quot;size&quot;:&quot;&quot;,&quot;sizes&quot;:[]},&quot;_transform_skewY_effect_mobile&quot;:{&quot;unit&quot;:&quot;deg&quot;,&quot;size&quot;:&quot;&quot;,&quot;sizes&quot;:[]},&quot;_transform_skewX_effect_hover_tablet&quot;:{&quot;unit&quot;:&quot;deg&quot;,&quot;size&quot;:&quot;&quot;,&quot;sizes&quot;:[]},&quot;_transform_skewX_effect_hover_mobile&quot;:{&quot;unit&quot;:&quot;deg&quot;,&quot;size&quot;:&quot;&quot;,&quot;sizes&quot;:[]},&quot;_transform_skewY_effect_hover&quot;:{&quot;unit&quot;:&quot;px&quot;,&quot;size&quot;:&quot;&quot;,&quot;sizes&quot;:[]},&quot;_transform_skewY_effect_hover_tablet&quot;:{&quot;unit&quot;:&quot;deg&quot;,&quot;size&quot;:&quot;&quot;,&quot;sizes&quot;:[]},&quot;_transform_skewY_effect_hover_mobile&quot;:{&quot;unit&quot;:&quot;deg&quot;,&quot;size&quot;:&quot;&quot;,&quot;sizes&quot;:[]}}\" data-widget_type=\"woocommerce-products.default\">\n\t\t\t\t<div class=\"elementor-widget-container\">\n\t\t\t<link rel=\"stylesheet\" href=\"https:\/\/www.cepillosirca.com\/wp-content\/plugins\/pro-elements\/assets\/css\/widget-woocommerce.min.css\"><div class=\"woocommerce columns-3\"><ul class=\"products elementor-grid columns-3\">\n<li class=\"product type-product post-385 status-publish first instock product_cat-linea-penacho product_tag-cepillo-profesional-irca-linea-afrodita product_tag-cepillo-profesional-linea-afrodita product_tag-cepillos-irca product_tag-cepillos-profesionales-de-peluqueria product_tag-cepillos-profesionales-para-el-pelo has-post-thumbnail shipping-taxable product-type-simple\">\n\t<\/li>\n<li class=\"product type-product post-350 status-publish instock product_cat-linea-penacho product_tag-cepillo-profesional-irca-linea-artico product_tag-cepillo-profesional-linea-artico product_tag-cepillos-irca product_tag-cepillos-profesionales-de-peluqueria product_tag-cepillos-profesionales-para-el-pelo has-post-thumbnail shipping-taxable product-type-simple\">\n\t<\/li>\n<li class=\"product type-product post-1436 status-publish last instock product_cat-linea-penacho product_tag-cepillo-profesional-irca-linea-afrodita product_tag-cepillo-profesional-linea-afrodita product_tag-cepillos-irca product_tag-cepillos-profesionales-de-peluqueria product_tag-cepillos-profesionales-para-el-pelo has-post-thumbnail shipping-taxable product-type-simple\">\n\t<\/li>\n<li class=\"product type-product post-1437 status-publish first instock product_cat-linea-penacho product_tag-cepillo-profesional-irca-linea-afrodita product_tag-cepillo-profesional-linea-afrodita product_tag-cepillos-irca product_tag-cepillos-profesionales-de-peluqueria product_tag-cepillos-profesionales-para-el-pelo has-post-thumbnail shipping-taxable product-type-simple\">\n\t<\/li>\n<li class=\"product type-product post-340 status-publish instock product_cat-linea-penacho product_tag-cepillo-profesional-irca-linea-perla product_tag-cepillo-profesional-linea-perla product_tag-cepillos-irca product_tag-cepillos-profesionales-de-peluqueria product_tag-cepillos-profesionales-para-el-pelo has-post-thumbnail shipping-taxable product-type-simple\">\n\t<\/li>\n<li class=\"product type-product post-1438 status-publish last instock product_cat-linea-penacho product_tag-cepillo-profesional-irca-linea-afrodita product_tag-cepillo-profesional-linea-afrodita product_tag-cepillos-irca product_tag-cepillos-profesionales-de-peluqueria product_tag-cepillos-profesionales-para-el-pelo has-post-thumbnail shipping-taxable product-type-simple\">\n\t<\/li>\n<li class=\"product type-product post-323 status-publish first instock product_cat-linea-penacho product_tag-cepillos-profesionales-de-peluqueria product_tag-cepillos-profesionales-irca-linea-winner-cepillos-irca product_tag-cepillos-profesionales-linea-winner product_tag-cepillos-profesionales-para-el-pelo has-post-thumbnail shipping-taxable product-type-simple\">\n\t<\/li>\n<li class=\"product type-product post-1439 status-publish instock product_cat-linea-penacho product_tag-cepillo-profesional-irca-linea-afrodita product_tag-cepillo-profesional-linea-afrodita product_tag-cepillos-irca product_tag-cepillos-profesionales-de-peluqueria product_tag-cepillos-profesionales-para-el-pelo has-post-thumbnail shipping-taxable product-type-simple\">\n\t<\/li>\n<\/ul>\n<\/div>\t\t<\/div>\n\t\t\t\t<\/div>\n\t\t\t\t\t<\/div>\n\t\t\t\t<\/div>\n\t\t\t\t\t\t\t<\/div>","protected":false},"excerpt":{"rendered":"<p>Inicio&nbsp;\/&nbsp;L\u00ednea Penacho Profesional L\u00ednea Penacho Profesional https:\/\/www.cepillosirca.com\/wp-content\/uploads\/2023\/09\/video-4.mp4 Excelente combinaci\u00f3n de nylon de diferentes calibres. Un filamento de nylon largo que penetra en el cabello desenred\u00e1ndolo mientras el mech\u00f3n corto que lo rodea organiza, estira y moldea. Ideales para cabellos abundantes y dif\u00edciles de controlar.<\/p>","protected":false},"author":1,"featured_media":0,"parent":0,"menu_order":0,"comment_status":"closed","ping_status":"closed","template":"","meta":{"_et_pb_use_builder":"","_et_pb_old_content":"","_et_gb_content_width":"","footnotes":""},"class_list":["post-1644","page","type-page","status-publish","hentry"],"yoast_head":"<!-- This site is optimized with the Yoast SEO plugin v21.0 - https:\/\/yoast.com\/wordpress\/plugins\/seo\/ -->\n<title>L\u00ednea Penacho Profesional | Cepillos Irca<\/title>\n<meta name=\"robots\" content=\"index, follow, max-snippet:-1, max-image-preview:large, max-video-preview:-1\" \/>\n<link rel=\"canonical\" href=\"https:\/\/www.cepillosirca.com\/en\/linea-penacho-profesional\/\" \/>\n<meta property=\"og:locale\" content=\"en_US\" \/>\n<meta property=\"og:type\" content=\"article\" \/>\n<meta property=\"og:title\" content=\"L\u00ednea Penacho Profesional | Cepillos Irca\" \/>\n<meta property=\"og:description\" content=\"Inicio&nbsp;\/&nbsp;L\u00ednea Penacho Profesional L\u00ednea Penacho Profesional https:\/\/www.cepillosirca.com\/wp-content\/uploads\/2023\/09\/video-4.mp4 Excelente combinaci\u00f3n de nylon de diferentes calibres. Un filamento de nylon largo que penetra en el cabello desenred\u00e1ndolo mientras el mech\u00f3n corto que lo rodea organiza, estira y moldea. Ideales para cabellos abundantes y dif\u00edciles de controlar.\" \/>\n<meta property=\"og:url\" content=\"https:\/\/www.cepillosirca.com\/en\/linea-penacho-profesional\/\" \/>\n<meta property=\"og:site_name\" content=\"Cepillos Irca\" \/>\n<meta property=\"article:modified_time\" content=\"2023-09-27T20:28:00+00:00\" \/>\n<meta name=\"twitter:card\" content=\"summary_large_image\" \/>\n<meta name=\"twitter:label1\" content=\"Est. reading time\" \/>\n\t<meta name=\"twitter:data1\" content=\"3 minutes\" \/>\n<script type=\"application\/ld+json\" class=\"yoast-schema-graph\">{\"@context\":\"https:\/\/schema.org\",\"@graph\":[{\"@type\":\"WebPage\",\"@id\":\"https:\/\/www.cepillosirca.com\/linea-penacho-profesional\/\",\"url\":\"https:\/\/www.cepillosirca.com\/linea-penacho-profesional\/\",\"name\":\"L\u00ednea Penacho Profesional | Cepillos Irca\",\"isPartOf\":{\"@id\":\"https:\/\/www.cepillosirca.com\/#website\"},\"datePublished\":\"2023-09-27T20:20:37+00:00\",\"dateModified\":\"2023-09-27T20:28:00+00:00\",\"breadcrumb\":{\"@id\":\"https:\/\/www.cepillosirca.com\/linea-penacho-profesional\/#breadcrumb\"},\"inLanguage\":\"en-US\",\"potentialAction\":[{\"@type\":\"ReadAction\",\"target\":[\"https:\/\/www.cepillosirca.com\/linea-penacho-profesional\/\"]}]},{\"@type\":\"BreadcrumbList\",\"@id\":\"https:\/\/www.cepillosirca.com\/linea-penacho-profesional\/#breadcrumb\",\"itemListElement\":[{\"@type\":\"ListItem\",\"position\":1,\"name\":\"Portada\",\"item\":\"https:\/\/www.cepillosirca.com\/\"},{\"@type\":\"ListItem\",\"position\":2,\"name\":\"L\u00ednea Penacho Profesional\"}]},{\"@type\":\"WebSite\",\"@id\":\"https:\/\/www.cepillosirca.com\/#website\",\"url\":\"https:\/\/www.cepillosirca.com\/\",\"name\":\"Cepillos Irca\",\"description\":\"Cepillos Irca\",\"publisher\":{\"@id\":\"https:\/\/www.cepillosirca.com\/#organization\"},\"potentialAction\":[{\"@type\":\"SearchAction\",\"target\":{\"@type\":\"EntryPoint\",\"urlTemplate\":\"https:\/\/www.cepillosirca.com\/?s={search_term_string}\"},\"query-input\":\"required name=search_term_string\"}],\"inLanguage\":\"en-US\"},{\"@type\":\"Organization\",\"@id\":\"https:\/\/www.cepillosirca.com\/#organization\",\"name\":\"Cepillos Irca\",\"url\":\"https:\/\/www.cepillosirca.com\/\",\"logo\":{\"@type\":\"ImageObject\",\"inLanguage\":\"en-US\",\"@id\":\"https:\/\/www.cepillosirca.com\/#\/schema\/logo\/image\/\",\"url\":\"https:\/\/www.cepillosirca.com\/wp-content\/uploads\/2021\/06\/logo-industrias-irca.jpg\",\"contentUrl\":\"https:\/\/www.cepillosirca.com\/wp-content\/uploads\/2021\/06\/logo-industrias-irca.jpg\",\"width\":333,\"height\":151,\"caption\":\"Cepillos Irca\"},\"image\":{\"@id\":\"https:\/\/www.cepillosirca.com\/#\/schema\/logo\/image\/\"}}]}<\/script>\n<!-- \/ Yoast SEO plugin. -->","yoast_head_json":{"title":"L\u00ednea Penacho Profesional | Cepillos Irca","robots":{"index":"index","follow":"follow","max-snippet":"max-snippet:-1","max-image-preview":"max-image-preview:large","max-video-preview":"max-video-preview:-1"},"canonical":"https:\/\/www.cepillosirca.com\/en\/linea-penacho-profesional\/","og_locale":"en_US","og_type":"article","og_title":"L\u00ednea Penacho Profesional | Cepillos Irca","og_description":"Inicio&nbsp;\/&nbsp;L\u00ednea Penacho Profesional L\u00ednea Penacho Profesional https:\/\/www.cepillosirca.com\/wp-content\/uploads\/2023\/09\/video-4.mp4 Excelente combinaci\u00f3n de nylon de diferentes calibres. Un filamento de nylon largo que penetra en el cabello desenred\u00e1ndolo mientras el mech\u00f3n corto que lo rodea organiza, estira y moldea. Ideales para cabellos abundantes y dif\u00edciles de controlar.","og_url":"https:\/\/www.cepillosirca.com\/en\/linea-penacho-profesional\/","og_site_name":"Cepillos Irca","article_modified_time":"2023-09-27T20:28:00+00:00","twitter_card":"summary_large_image","twitter_misc":{"Est. reading time":"3 minutes"},"schema":{"@context":"https:\/\/schema.org","@graph":[{"@type":"WebPage","@id":"https:\/\/www.cepillosirca.com\/linea-penacho-profesional\/","url":"https:\/\/www.cepillosirca.com\/linea-penacho-profesional\/","name":"L\u00ednea Penacho Profesional | Cepillos Irca","isPartOf":{"@id":"https:\/\/www.cepillosirca.com\/#website"},"datePublished":"2023-09-27T20:20:37+00:00","dateModified":"2023-09-27T20:28:00+00:00","breadcrumb":{"@id":"https:\/\/www.cepillosirca.com\/linea-penacho-profesional\/#breadcrumb"},"inLanguage":"en-US","potentialAction":[{"@type":"ReadAction","target":["https:\/\/www.cepillosirca.com\/linea-penacho-profesional\/"]}]},{"@type":"BreadcrumbList","@id":"https:\/\/www.cepillosirca.com\/linea-penacho-profesional\/#breadcrumb","itemListElement":[{"@type":"ListItem","position":1,"name":"Portada","item":"https:\/\/www.cepillosirca.com\/"},{"@type":"ListItem","position":2,"name":"L\u00ednea Penacho Profesional"}]},{"@type":"WebSite","@id":"https:\/\/www.cepillosirca.com\/#website","url":"https:\/\/www.cepillosirca.com\/","name":"Cepillos Irca","description":"Cepillos Irca","publisher":{"@id":"https:\/\/www.cepillosirca.com\/#organization"},"potentialAction":[{"@type":"SearchAction","target":{"@type":"EntryPoint","urlTemplate":"https:\/\/www.cepillosirca.com\/?s={search_term_string}"},"query-input":"required name=search_term_string"}],"inLanguage":"en-US"},{"@type":"Organization","@id":"https:\/\/www.cepillosirca.com\/#organization","name":"Cepillos Irca","url":"https:\/\/www.cepillosirca.com\/","logo":{"@type":"ImageObject","inLanguage":"en-US","@id":"https:\/\/www.cepillosirca.com\/#\/schema\/logo\/image\/","url":"https:\/\/www.cepillosirca.com\/wp-content\/uploads\/2021\/06\/logo-industrias-irca.jpg","contentUrl":"https:\/\/www.cepillosirca.com\/wp-content\/uploads\/2021\/06\/logo-industrias-irca.jpg","width":333,"height":151,"caption":"Cepillos Irca"},"image":{"@id":"https:\/\/www.cepillosirca.com\/#\/schema\/logo\/image\/"}}]}},"_links":{"self":[{"href":"https:\/\/www.cepillosirca.com\/en\/wp-json\/wp\/v2\/pages\/1644","targetHints":{"allow":["GET"]}}],"collection":[{"href":"https:\/\/www.cepillosirca.com\/en\/wp-json\/wp\/v2\/pages"}],"about":[{"href":"https:\/\/www.cepillosirca.com\/en\/wp-json\/wp\/v2\/types\/page"}],"author":[{"embeddable":true,"href":"https:\/\/www.cepillosirca.com\/en\/wp-json\/wp\/v2\/users\/1"}],"replies":[{"embeddable":true,"href":"https:\/\/www.cepillosirca.com\/en\/wp-json\/wp\/v2\/comments?post=1644"}],"version-history":[{"count":7,"href":"https:\/\/www.cepillosirca.com\/en\/wp-json\/wp\/v2\/pages\/1644\/revisions"}],"predecessor-version":[{"id":1656,"href":"https:\/\/www.cepillosirca.com\/en\/wp-json\/wp\/v2\/pages\/1644\/revisions\/1656"}],"wp:attachment":[{"href":"https:\/\/www.cepillosirca.com\/en\/wp-json\/wp\/v2\/media?parent=1644"}],"curies":[{"name":"wp","href":"https:\/\/api.w.org\/{rel}","templated":true}]}}