{"id":1658,"date":"2023-09-27T22:16:58","date_gmt":"2023-09-27T22:16:58","guid":{"rendered":"https:\/\/www.cepillosirca.com\/?page_id=1658"},"modified":"2023-09-27T22:24:10","modified_gmt":"2023-09-27T22:24:10","slug":"otras-lineas","status":"publish","type":"page","link":"https:\/\/www.cepillosirca.com\/en\/otras-lineas\/","title":{"rendered":"Other Lines"},"content":{"rendered":"<div data-elementor-type=\"wp-page\" data-elementor-id=\"1658\" class=\"elementor elementor-1658\" data-elementor-post-type=\"page\">\n\t\t\t\t\t\t\t<div class=\"elementor-element elementor-element-4323df35 e-flex e-con-boxed e-con e-parent\" data-id=\"4323df35\" data-element_type=\"container\" data-settings=\"{&quot;content_width&quot;:&quot;boxed&quot;}\" data-core-v316-plus=\"true\">\n\t\t\t\t\t<div class=\"e-con-inner\">\n\t\t\t\t<div class=\"elementor-element elementor-element-e6f9523 elementor-widget elementor-widget-heading\" data-id=\"e6f9523\" data-element_type=\"widget\" data-widget_type=\"heading.default\">\n\t\t\t\t<div class=\"elementor-widget-container\">\n\t\t\t<style>\/*! elementor - v3.16.0 - 20-09-2023 *\/\n.elementor-heading-title{padding:0;margin:0;line-height:1}.elementor-widget-heading .elementor-heading-title[class*=elementor-size-]>a{color:inherit;font-size:inherit;line-height:inherit}.elementor-widget-heading .elementor-heading-title.elementor-size-small{font-size:15px}.elementor-widget-heading .elementor-heading-title.elementor-size-medium{font-size:19px}.elementor-widget-heading .elementor-heading-title.elementor-size-large{font-size:29px}.elementor-widget-heading .elementor-heading-title.elementor-size-xl{font-size:39px}.elementor-widget-heading .elementor-heading-title.elementor-size-xxl{font-size:59px}<\/style><h2 class=\"elementor-heading-title elementor-size-default\"><a href=\"https:\/\/www.cepillosirca.com\/en\/\" style=\"font-size: 12.88px; background-color: rgb(255, 255, 255); color: rgb(118, 118, 118); font-family: &quot;Open Sans&quot;, Arial, sans-serif; font-weight: 500; white-space-collapse: collapse;\">Home<\/a><span style=\"color: rgb(118, 118, 118); font-family: &quot;Open Sans&quot;, Arial, sans-serif; font-size: 12.88px; font-weight: 500; white-space-collapse: collapse; background-color: rgb(255, 255, 255);\">&nbsp;\/&nbsp;Otras L\u00edneas<\/span><\/h2>\t\t<\/div>\n\t\t\t\t<\/div>\n\t\t\t\t\t<\/div>\n\t\t\t\t<\/div>\n\t\t<div class=\"elementor-element elementor-element-3ed5505f e-flex e-con-boxed e-con e-parent\" data-id=\"3ed5505f\" data-element_type=\"container\" data-settings=\"{&quot;content_width&quot;:&quot;boxed&quot;}\" data-core-v316-plus=\"true\">\n\t\t\t\t\t<div class=\"e-con-inner\">\n\t\t\t\t<div class=\"elementor-element elementor-element-dbf46b2 elementor-widget elementor-widget-heading\" data-id=\"dbf46b2\" data-element_type=\"widget\" data-widget_type=\"heading.default\">\n\t\t\t\t<div class=\"elementor-widget-container\">\n\t\t\t<h2 class=\"elementor-heading-title elementor-size-default\"><h1 style=\"background-color: rgb(255, 255, 255); font-family: &quot;Open Sans&quot;, Arial, sans-serif; white-space-collapse: collapse;\">Other Lines<\/h1><\/h2>\t\t<\/div>\n\t\t\t\t<\/div>\n\t\t\t\t\t<\/div>\n\t\t\t\t<\/div>\n\t\t<div class=\"elementor-element elementor-element-3b46958e e-flex e-con-boxed e-con e-parent\" data-id=\"3b46958e\" data-element_type=\"container\" data-settings=\"{&quot;content_width&quot;:&quot;boxed&quot;}\" data-core-v316-plus=\"true\">\n\t\t\t\t\t<div class=\"e-con-inner\">\n\t\t<div class=\"elementor-element elementor-element-ecb8cf1 e-con-full e-flex e-con e-child\" data-id=\"ecb8cf1\" data-element_type=\"container\" data-settings=\"{&quot;content_width&quot;:&quot;full&quot;}\">\n\t\t\t\t<div class=\"elementor-element elementor-element-58a215a2 elementor-widget__width-initial elementor-hidden-tablet elementor-widget elementor-widget-text-editor\" data-id=\"58a215a2\" data-element_type=\"widget\" data-widget_type=\"text-editor.default\">\n\t\t\t\t<div class=\"elementor-widget-container\">\n\t\t\t<style>\/*! elementor - v3.16.0 - 20-09-2023 *\/\n.elementor-widget-text-editor.elementor-drop-cap-view-stacked .elementor-drop-cap{background-color:#69727d;color:#fff}.elementor-widget-text-editor.elementor-drop-cap-view-framed .elementor-drop-cap{color:#69727d;border:3px solid;background-color:transparent}.elementor-widget-text-editor:not(.elementor-drop-cap-view-default) .elementor-drop-cap{margin-top:8px}.elementor-widget-text-editor:not(.elementor-drop-cap-view-default) .elementor-drop-cap-letter{width:1em;height:1em}.elementor-widget-text-editor .elementor-drop-cap{float:left;text-align:center;line-height:1;font-size:50px}.elementor-widget-text-editor .elementor-drop-cap-letter{display:inline-block}<\/style>\t\t\t\t<p>A wide range of products for hairdressers, salons and barbershops are included in our portfolio: \nV monofilament brushes are ideal for shaping and finishing hairstyles, lines of flat and barber brushes produce a gentle massage that stimulates hair follicles and promote hair growth.\nThese brushes are special for exfoliate, remove dead cells, oxygenate, improve appearance, clean scattered hair left after cutting, shape and polish small hairs on the edges.<\/p>\t\t\t\t\t\t<\/div>\n\t\t\t\t<\/div>\n\t\t\t\t<\/div>\n\t\t\t\t\t<\/div>\n\t\t\t\t<\/div>\n\t\t<div class=\"elementor-element elementor-element-5a5945fe e-flex e-con-boxed e-con e-parent\" data-id=\"5a5945fe\" data-element_type=\"container\" data-settings=\"{&quot;content_width&quot;:&quot;boxed&quot;}\" data-core-v316-plus=\"true\">\n\t\t\t\t\t<div class=\"e-con-inner\">\n\t\t\t\t<div class=\"elementor-element elementor-element-39f521a6 elementor-grid-3 e-transform e-transform elementor-grid-tablet-3 elementor-grid-mobile-2 elementor-products-grid elementor-wc-products elementor-show-pagination-border-yes elementor-widget elementor-widget-woocommerce-products\" data-id=\"39f521a6\" data-element_type=\"widget\" data-settings=\"{&quot;_transform_skewX_effect_hover&quot;:{&quot;unit&quot;:&quot;px&quot;,&quot;size&quot;:0,&quot;sizes&quot;:[]},&quot;_transform_skewX_effect&quot;:{&quot;unit&quot;:&quot;px&quot;,&quot;size&quot;:&quot;&quot;,&quot;sizes&quot;:[]},&quot;_transform_skewX_effect_tablet&quot;:{&quot;unit&quot;:&quot;deg&quot;,&quot;size&quot;:&quot;&quot;,&quot;sizes&quot;:[]},&quot;_transform_skewX_effect_mobile&quot;:{&quot;unit&quot;:&quot;deg&quot;,&quot;size&quot;:&quot;&quot;,&quot;sizes&quot;:[]},&quot;_transform_skewY_effect&quot;:{&quot;unit&quot;:&quot;px&quot;,&quot;size&quot;:&quot;&quot;,&quot;sizes&quot;:[]},&quot;_transform_skewY_effect_tablet&quot;:{&quot;unit&quot;:&quot;deg&quot;,&quot;size&quot;:&quot;&quot;,&quot;sizes&quot;:[]},&quot;_transform_skewY_effect_mobile&quot;:{&quot;unit&quot;:&quot;deg&quot;,&quot;size&quot;:&quot;&quot;,&quot;sizes&quot;:[]},&quot;_transform_skewX_effect_hover_tablet&quot;:{&quot;unit&quot;:&quot;deg&quot;,&quot;size&quot;:&quot;&quot;,&quot;sizes&quot;:[]},&quot;_transform_skewX_effect_hover_mobile&quot;:{&quot;unit&quot;:&quot;deg&quot;,&quot;size&quot;:&quot;&quot;,&quot;sizes&quot;:[]},&quot;_transform_skewY_effect_hover&quot;:{&quot;unit&quot;:&quot;px&quot;,&quot;size&quot;:&quot;&quot;,&quot;sizes&quot;:[]},&quot;_transform_skewY_effect_hover_tablet&quot;:{&quot;unit&quot;:&quot;deg&quot;,&quot;size&quot;:&quot;&quot;,&quot;sizes&quot;:[]},&quot;_transform_skewY_effect_hover_mobile&quot;:{&quot;unit&quot;:&quot;deg&quot;,&quot;size&quot;:&quot;&quot;,&quot;sizes&quot;:[]}}\" data-widget_type=\"woocommerce-products.default\">\n\t\t\t\t<div class=\"elementor-widget-container\">\n\t\t\t<link rel=\"stylesheet\" href=\"https:\/\/www.cepillosirca.com\/wp-content\/plugins\/pro-elements\/assets\/css\/widget-woocommerce.min.css\"><div class=\"woocommerce columns-3\"><ul class=\"products elementor-grid columns-3\">\n<li class=\"product type-product post-1084 status-publish first instock product_cat-otras-lineas product_tag-cepillos-profesionales-con-cerdas-naturales-reforzadas product_tag-cepillos-profesionales-de-peluqueria product_tag-cepillos-profesionales-para-el-cabello product_tag-industrias-irca has-post-thumbnail shipping-taxable product-type-simple\">\n\t<\/li>\n<li class=\"product type-product post-1080 status-publish instock product_cat-otras-lineas product_tag-cepillo-redondo-para-el-pelo product_tag-cepillos-irca product_tag-cepillos-profesionales-con-cerdas-naturales-reforzadas product_tag-cepillos-profesionales-para-el-pelo has-post-thumbnail shipping-taxable product-type-simple\">\n\t<\/li>\n<li class=\"product type-product post-480 status-publish last instock product_cat-otras-lineas product_tag-cepillo-profesional-irca-linea-clasica-ref-88 product_tag-cepillo-profesional-linea-clasica-ref-88 product_tag-cepillos-irca product_tag-cepillos-profesionales-de-peluqueria product_tag-cepillos-profesionales-para-el-pelo has-post-thumbnail shipping-taxable product-type-simple\">\n\t<\/li>\n<li class=\"product type-product post-1450 status-publish first instock product_cat-otras-lineas product_tag-cepillo-profesional-irca-linea-saloon product_tag-cepillo-profesional-linea-saloon product_tag-cepillos-irca product_tag-cepillos-profesionales-de-peluqueria product_tag-cepillos-profesionales-para-el-pelo product_tag-linea-cerda-natural has-post-thumbnail shipping-taxable product-type-simple\">\n\t<\/li>\n<li class=\"product type-product post-305 status-publish instock product_cat-otras-lineas product_tag-cepillo-profesional-irca-linea-saloon product_tag-cepillo-profesional-linea-saloon product_tag-cepillos-irca product_tag-cepillos-profesionales-de-peluqueria product_tag-cepillos-profesionales-para-el-pelo product_tag-linea-cerda-natural has-post-thumbnail shipping-taxable product-type-simple\">\n\t<\/li>\n<li class=\"product type-product post-1451 status-publish last instock product_cat-otras-lineas product_tag-cepillo-profesional-irca-linea-saloon product_tag-cepillo-profesional-linea-saloon product_tag-cepillos-irca product_tag-cepillos-profesionales-de-peluqueria product_tag-cepillos-profesionales-para-el-pelo product_tag-linea-cerda-natural has-post-thumbnail shipping-taxable product-type-simple\">\n\t<\/li>\n<li class=\"product type-product post-1453 status-publish first instock product_cat-otras-lineas product_tag-cepillo-profesional-irca-linea-saloon product_tag-cepillo-profesional-linea-saloon product_tag-cepillos-irca product_tag-cepillos-profesionales-de-peluqueria product_tag-cepillos-profesionales-para-el-pelo product_tag-linea-cerda-natural has-post-thumbnail shipping-taxable product-type-simple\">\n\t<\/li>\n<li class=\"product type-product post-1454 status-publish instock product_cat-otras-lineas product_tag-cepillo-profesional-irca-linea-saloon product_tag-cepillo-profesional-linea-saloon product_tag-cepillos-irca product_tag-cepillos-profesionales-de-peluqueria product_tag-cepillos-profesionales-para-el-pelo product_tag-linea-cerda-natural has-post-thumbnail shipping-taxable product-type-simple\">\n\t<\/li>\n<li class=\"product type-product post-1455 status-publish last instock product_cat-otras-lineas product_tag-cepillo-profesional-irca-linea-saloon product_tag-cepillo-profesional-linea-saloon product_tag-cepillos-irca product_tag-cepillos-profesionales-de-peluqueria product_tag-cepillos-profesionales-para-el-pelo product_tag-linea-cerda-natural has-post-thumbnail shipping-taxable product-type-simple\">\n\t<\/li>\n<\/ul>\n<\/div>\t\t<\/div>\n\t\t\t\t<\/div>\n\t\t\t\t\t<\/div>\n\t\t\t\t<\/div>\n\t\t\t\t\t\t\t<\/div>","protected":false},"excerpt":{"rendered":"<p>Inicio&nbsp;\/&nbsp;Otras L\u00edneas Otras L\u00edneas Se incluye en nuestro portafolio una amplia gama de productos para peluquer\u00edas, salones y barber\u00edas: Los cepillos de monofilamento V ideales para moldear y finalizar peinados, las l\u00edneas de cepillos planos y barbero que producen un suave masaje que estimula los fol\u00edculos pilosos, promueven el crecimiento del cabello, exfolian, retiran c\u00e9lulas [&hellip;]<\/p>","protected":false},"author":1,"featured_media":0,"parent":0,"menu_order":0,"comment_status":"closed","ping_status":"closed","template":"","meta":{"_et_pb_use_builder":"","_et_pb_old_content":"","_et_gb_content_width":"","footnotes":""},"class_list":["post-1658","page","type-page","status-publish","hentry"],"yoast_head":"<!-- This site is optimized with the Yoast SEO plugin v21.0 - https:\/\/yoast.com\/wordpress\/plugins\/seo\/ -->\n<title>Otras L\u00edneas | Cepillos Irca<\/title>\n<meta name=\"robots\" content=\"index, follow, max-snippet:-1, max-image-preview:large, max-video-preview:-1\" \/>\n<link rel=\"canonical\" href=\"https:\/\/www.cepillosirca.com\/en\/otras-lineas\/\" \/>\n<meta property=\"og:locale\" content=\"en_US\" \/>\n<meta property=\"og:type\" content=\"article\" \/>\n<meta property=\"og:title\" content=\"Otras L\u00edneas | Cepillos Irca\" \/>\n<meta property=\"og:description\" content=\"Inicio&nbsp;\/&nbsp;Otras L\u00edneas Otras L\u00edneas Se incluye en nuestro portafolio una amplia gama de productos para peluquer\u00edas, salones y barber\u00edas: Los cepillos de monofilamento V ideales para moldear y finalizar peinados, las l\u00edneas de cepillos planos y barbero que producen un suave masaje que estimula los fol\u00edculos pilosos, promueven el crecimiento del cabello, exfolian, retiran c\u00e9lulas [&hellip;]\" \/>\n<meta property=\"og:url\" content=\"https:\/\/www.cepillosirca.com\/en\/otras-lineas\/\" \/>\n<meta property=\"og:site_name\" content=\"Cepillos Irca\" \/>\n<meta property=\"article:modified_time\" content=\"2023-09-27T22:24:10+00:00\" \/>\n<meta name=\"twitter:card\" content=\"summary_large_image\" \/>\n<meta name=\"twitter:label1\" content=\"Est. reading time\" \/>\n\t<meta name=\"twitter:data1\" content=\"3 minutes\" \/>\n<script type=\"application\/ld+json\" class=\"yoast-schema-graph\">{\"@context\":\"https:\/\/schema.org\",\"@graph\":[{\"@type\":\"WebPage\",\"@id\":\"https:\/\/www.cepillosirca.com\/otras-lineas\/\",\"url\":\"https:\/\/www.cepillosirca.com\/otras-lineas\/\",\"name\":\"Otras L\u00edneas | Cepillos Irca\",\"isPartOf\":{\"@id\":\"https:\/\/www.cepillosirca.com\/#website\"},\"datePublished\":\"2023-09-27T22:16:58+00:00\",\"dateModified\":\"2023-09-27T22:24:10+00:00\",\"breadcrumb\":{\"@id\":\"https:\/\/www.cepillosirca.com\/otras-lineas\/#breadcrumb\"},\"inLanguage\":\"en-US\",\"potentialAction\":[{\"@type\":\"ReadAction\",\"target\":[\"https:\/\/www.cepillosirca.com\/otras-lineas\/\"]}]},{\"@type\":\"BreadcrumbList\",\"@id\":\"https:\/\/www.cepillosirca.com\/otras-lineas\/#breadcrumb\",\"itemListElement\":[{\"@type\":\"ListItem\",\"position\":1,\"name\":\"Portada\",\"item\":\"https:\/\/www.cepillosirca.com\/\"},{\"@type\":\"ListItem\",\"position\":2,\"name\":\"Otras L\u00edneas\"}]},{\"@type\":\"WebSite\",\"@id\":\"https:\/\/www.cepillosirca.com\/#website\",\"url\":\"https:\/\/www.cepillosirca.com\/\",\"name\":\"Cepillos Irca\",\"description\":\"Cepillos Irca\",\"publisher\":{\"@id\":\"https:\/\/www.cepillosirca.com\/#organization\"},\"potentialAction\":[{\"@type\":\"SearchAction\",\"target\":{\"@type\":\"EntryPoint\",\"urlTemplate\":\"https:\/\/www.cepillosirca.com\/?s={search_term_string}\"},\"query-input\":\"required name=search_term_string\"}],\"inLanguage\":\"en-US\"},{\"@type\":\"Organization\",\"@id\":\"https:\/\/www.cepillosirca.com\/#organization\",\"name\":\"Cepillos Irca\",\"url\":\"https:\/\/www.cepillosirca.com\/\",\"logo\":{\"@type\":\"ImageObject\",\"inLanguage\":\"en-US\",\"@id\":\"https:\/\/www.cepillosirca.com\/#\/schema\/logo\/image\/\",\"url\":\"https:\/\/www.cepillosirca.com\/wp-content\/uploads\/2021\/06\/logo-industrias-irca.jpg\",\"contentUrl\":\"https:\/\/www.cepillosirca.com\/wp-content\/uploads\/2021\/06\/logo-industrias-irca.jpg\",\"width\":333,\"height\":151,\"caption\":\"Cepillos Irca\"},\"image\":{\"@id\":\"https:\/\/www.cepillosirca.com\/#\/schema\/logo\/image\/\"}}]}<\/script>\n<!-- \/ Yoast SEO plugin. -->","yoast_head_json":{"title":"Otras L\u00edneas | Cepillos Irca","robots":{"index":"index","follow":"follow","max-snippet":"max-snippet:-1","max-image-preview":"max-image-preview:large","max-video-preview":"max-video-preview:-1"},"canonical":"https:\/\/www.cepillosirca.com\/en\/otras-lineas\/","og_locale":"en_US","og_type":"article","og_title":"Otras L\u00edneas | Cepillos Irca","og_description":"Inicio&nbsp;\/&nbsp;Otras L\u00edneas Otras L\u00edneas Se incluye en nuestro portafolio una amplia gama de productos para peluquer\u00edas, salones y barber\u00edas: Los cepillos de monofilamento V ideales para moldear y finalizar peinados, las l\u00edneas de cepillos planos y barbero que producen un suave masaje que estimula los fol\u00edculos pilosos, promueven el crecimiento del cabello, exfolian, retiran c\u00e9lulas [&hellip;]","og_url":"https:\/\/www.cepillosirca.com\/en\/otras-lineas\/","og_site_name":"Cepillos Irca","article_modified_time":"2023-09-27T22:24:10+00:00","twitter_card":"summary_large_image","twitter_misc":{"Est. reading time":"3 minutes"},"schema":{"@context":"https:\/\/schema.org","@graph":[{"@type":"WebPage","@id":"https:\/\/www.cepillosirca.com\/otras-lineas\/","url":"https:\/\/www.cepillosirca.com\/otras-lineas\/","name":"Otras L\u00edneas | Cepillos Irca","isPartOf":{"@id":"https:\/\/www.cepillosirca.com\/#website"},"datePublished":"2023-09-27T22:16:58+00:00","dateModified":"2023-09-27T22:24:10+00:00","breadcrumb":{"@id":"https:\/\/www.cepillosirca.com\/otras-lineas\/#breadcrumb"},"inLanguage":"en-US","potentialAction":[{"@type":"ReadAction","target":["https:\/\/www.cepillosirca.com\/otras-lineas\/"]}]},{"@type":"BreadcrumbList","@id":"https:\/\/www.cepillosirca.com\/otras-lineas\/#breadcrumb","itemListElement":[{"@type":"ListItem","position":1,"name":"Portada","item":"https:\/\/www.cepillosirca.com\/"},{"@type":"ListItem","position":2,"name":"Otras L\u00edneas"}]},{"@type":"WebSite","@id":"https:\/\/www.cepillosirca.com\/#website","url":"https:\/\/www.cepillosirca.com\/","name":"Cepillos Irca","description":"Cepillos Irca","publisher":{"@id":"https:\/\/www.cepillosirca.com\/#organization"},"potentialAction":[{"@type":"SearchAction","target":{"@type":"EntryPoint","urlTemplate":"https:\/\/www.cepillosirca.com\/?s={search_term_string}"},"query-input":"required name=search_term_string"}],"inLanguage":"en-US"},{"@type":"Organization","@id":"https:\/\/www.cepillosirca.com\/#organization","name":"Cepillos Irca","url":"https:\/\/www.cepillosirca.com\/","logo":{"@type":"ImageObject","inLanguage":"en-US","@id":"https:\/\/www.cepillosirca.com\/#\/schema\/logo\/image\/","url":"https:\/\/www.cepillosirca.com\/wp-content\/uploads\/2021\/06\/logo-industrias-irca.jpg","contentUrl":"https:\/\/www.cepillosirca.com\/wp-content\/uploads\/2021\/06\/logo-industrias-irca.jpg","width":333,"height":151,"caption":"Cepillos Irca"},"image":{"@id":"https:\/\/www.cepillosirca.com\/#\/schema\/logo\/image\/"}}]}},"_links":{"self":[{"href":"https:\/\/www.cepillosirca.com\/en\/wp-json\/wp\/v2\/pages\/1658","targetHints":{"allow":["GET"]}}],"collection":[{"href":"https:\/\/www.cepillosirca.com\/en\/wp-json\/wp\/v2\/pages"}],"about":[{"href":"https:\/\/www.cepillosirca.com\/en\/wp-json\/wp\/v2\/types\/page"}],"author":[{"embeddable":true,"href":"https:\/\/www.cepillosirca.com\/en\/wp-json\/wp\/v2\/users\/1"}],"replies":[{"embeddable":true,"href":"https:\/\/www.cepillosirca.com\/en\/wp-json\/wp\/v2\/comments?post=1658"}],"version-history":[{"count":4,"href":"https:\/\/www.cepillosirca.com\/en\/wp-json\/wp\/v2\/pages\/1658\/revisions"}],"predecessor-version":[{"id":1663,"href":"https:\/\/www.cepillosirca.com\/en\/wp-json\/wp\/v2\/pages\/1658\/revisions\/1663"}],"wp:attachment":[{"href":"https:\/\/www.cepillosirca.com\/en\/wp-json\/wp\/v2\/media?parent=1658"}],"curies":[{"name":"wp","href":"https:\/\/api.w.org\/{rel}","templated":true}]}}