{"id":345,"date":"2021-07-02T00:01:32","date_gmt":"2021-07-02T00:01:32","guid":{"rendered":"https:\/\/www.cepillosirca.com\/?post_type=product&#038;p=345"},"modified":"2023-09-28T01:18:50","modified_gmt":"2023-09-28T01:18:50","slug":"cepillo-profesional-linea-zafiro","status":"publish","type":"product","link":"https:\/\/www.cepillosirca.com\/en\/product\/cepillo-profesional-linea-zafiro\/","title":{"rendered":"Zafiro Line"},"content":{"rendered":"<p>Los Cepillos Profesionales L\u00ednea Zafiro, son ideales para un alisado perfecto y duradero. Su mango ergon\u00f3mico con espuma antideslizante, garantiza mejor agarre al momento de tensionar el pelo. Con la l\u00ednea Zafiro cuentas con 4 tama\u00f1os de cepillos profesionales con los que podr\u00e1s adaptarte a las necesidades de tu cabello.<\/p>\n<p>Recuerda que de acuerdo a las caracter\u00edsticas de tu pelo debes escoger el cepillo. Adem\u00e1s, es importante tener en cuenta la cantidad de pelo que tienes, su grosor y su forma.<\/p>\n<p>Visita nuestro\u00a0<strong><a href=\"https:\/\/www.cepillosirca.com\/en\/blog\/\">blog<\/a><\/strong>\u00a0y conoce m\u00e1s sobre nuestros productos.<\/p>","protected":false},"excerpt":{"rendered":"<p><strong>Sapphire Line Professional Brush<\/strong><\/p>\n<p><strong>Material: Natural Wood<\/strong><\/p>\n<p><strong>Bristles: Nylon fibers<\/strong><\/p>\n<p><strong>Handle: PVC rubber<\/strong><\/p>","protected":false},"featured_media":1183,"comment_status":"open","ping_status":"closed","template":"","meta":{"_et_pb_use_builder":"","_et_pb_old_content":"","_et_gb_content_width":""},"product_cat":[52],"product_tag":[33,32,22,20,21],"class_list":["post-345","product","type-product","status-publish","has-post-thumbnail","hentry","product_cat-linea-nylon-profesional","product_tag-cepillo-profesional-irca-linea-zafiro","product_tag-cepillo-profesional-linea-zafiro","product_tag-cepillos-irca","product_tag-cepillos-profesionales-de-peluqueria","product_tag-cepillos-profesionales-para-el-pelo"],"yoast_head":"<!-- This site is optimized with the Yoast SEO plugin v21.0 - https:\/\/yoast.com\/wordpress\/plugins\/seo\/ -->\n<title>L\u00ednea Zafiro | Cepillos Irca<\/title>\n<meta name=\"description\" content=\"Tenemos los mejores cepillos profesionales para tu cabello. Pregunta por nuestro Cepillo Profesional L\u00ednea Zafiro.\" \/>\n<meta name=\"robots\" content=\"index, follow, max-snippet:-1, max-image-preview:large, max-video-preview:-1\" \/>\n<link rel=\"canonical\" href=\"https:\/\/www.cepillosirca.com\/en\/product\/cepillo-profesional-linea-zafiro\/\" \/>\n<meta property=\"og:locale\" content=\"en_US\" \/>\n<meta property=\"og:type\" content=\"article\" \/>\n<meta property=\"og:title\" content=\"L\u00ednea Zafiro | Cepillos Irca\" \/>\n<meta property=\"og:description\" content=\"Tenemos los mejores cepillos profesionales para tu cabello. Pregunta por nuestro Cepillo Profesional L\u00ednea Zafiro.\" \/>\n<meta property=\"og:url\" content=\"https:\/\/www.cepillosirca.com\/en\/product\/cepillo-profesional-linea-zafiro\/\" \/>\n<meta property=\"og:site_name\" content=\"Cepillos Irca\" \/>\n<meta property=\"article:modified_time\" content=\"2023-09-28T01:18:50+00:00\" \/>\n<meta property=\"og:image\" content=\"https:\/\/www.cepillosirca.com\/wp-content\/uploads\/2021\/07\/cepillo-profesional-irca-zafiro-1.jpg\" \/>\n\t<meta property=\"og:image:width\" content=\"1650\" \/>\n\t<meta property=\"og:image:height\" content=\"1478\" \/>\n\t<meta property=\"og:image:type\" content=\"image\/png\" \/>\n<meta name=\"twitter:card\" content=\"summary_large_image\" \/>\n<meta name=\"twitter:label1\" content=\"Est. reading time\" \/>\n\t<meta name=\"twitter:data1\" content=\"1 minute\" \/>\n<script type=\"application\/ld+json\" class=\"yoast-schema-graph\">{\"@context\":\"https:\/\/schema.org\",\"@graph\":[{\"@type\":\"WebPage\",\"@id\":\"https:\/\/www.cepillosirca.com\/producto\/cepillo-profesional-linea-zafiro\/\",\"url\":\"https:\/\/www.cepillosirca.com\/producto\/cepillo-profesional-linea-zafiro\/\",\"name\":\"L\u00ednea Zafiro | Cepillos Irca\",\"isPartOf\":{\"@id\":\"https:\/\/www.cepillosirca.com\/#website\"},\"datePublished\":\"2021-07-02T00:01:32+00:00\",\"dateModified\":\"2023-09-28T01:18:50+00:00\",\"description\":\"Tenemos los mejores cepillos profesionales para tu cabello. Pregunta por nuestro Cepillo Profesional L\u00ednea Zafiro.\",\"breadcrumb\":{\"@id\":\"https:\/\/www.cepillosirca.com\/producto\/cepillo-profesional-linea-zafiro\/#breadcrumb\"},\"inLanguage\":\"en-US\",\"potentialAction\":[{\"@type\":\"ReadAction\",\"target\":[\"https:\/\/www.cepillosirca.com\/producto\/cepillo-profesional-linea-zafiro\/\"]}]},{\"@type\":\"BreadcrumbList\",\"@id\":\"https:\/\/www.cepillosirca.com\/producto\/cepillo-profesional-linea-zafiro\/#breadcrumb\",\"itemListElement\":[{\"@type\":\"ListItem\",\"position\":1,\"name\":\"Portada\",\"item\":\"https:\/\/www.cepillosirca.com\/\"},{\"@type\":\"ListItem\",\"position\":2,\"name\":\"Productos\",\"item\":\"https:\/\/www.cepillosirca.com\/productos\/\"},{\"@type\":\"ListItem\",\"position\":3,\"name\":\"L\u00ednea Zafiro\"}]},{\"@type\":\"WebSite\",\"@id\":\"https:\/\/www.cepillosirca.com\/#website\",\"url\":\"https:\/\/www.cepillosirca.com\/\",\"name\":\"Cepillos Irca\",\"description\":\"Cepillos Irca\",\"publisher\":{\"@id\":\"https:\/\/www.cepillosirca.com\/#organization\"},\"potentialAction\":[{\"@type\":\"SearchAction\",\"target\":{\"@type\":\"EntryPoint\",\"urlTemplate\":\"https:\/\/www.cepillosirca.com\/?s={search_term_string}\"},\"query-input\":\"required name=search_term_string\"}],\"inLanguage\":\"en-US\"},{\"@type\":\"Organization\",\"@id\":\"https:\/\/www.cepillosirca.com\/#organization\",\"name\":\"Cepillos Irca\",\"url\":\"https:\/\/www.cepillosirca.com\/\",\"logo\":{\"@type\":\"ImageObject\",\"inLanguage\":\"en-US\",\"@id\":\"https:\/\/www.cepillosirca.com\/#\/schema\/logo\/image\/\",\"url\":\"https:\/\/www.cepillosirca.com\/wp-content\/uploads\/2021\/06\/logo-industrias-irca.jpg\",\"contentUrl\":\"https:\/\/www.cepillosirca.com\/wp-content\/uploads\/2021\/06\/logo-industrias-irca.jpg\",\"width\":333,\"height\":151,\"caption\":\"Cepillos Irca\"},\"image\":{\"@id\":\"https:\/\/www.cepillosirca.com\/#\/schema\/logo\/image\/\"}}]}<\/script>\n<!-- \/ Yoast SEO plugin. -->","yoast_head_json":{"title":"L\u00ednea Zafiro | Cepillos Irca","description":"Tenemos los mejores cepillos profesionales para tu cabello. Pregunta por nuestro Cepillo Profesional L\u00ednea Zafiro.","robots":{"index":"index","follow":"follow","max-snippet":"max-snippet:-1","max-image-preview":"max-image-preview:large","max-video-preview":"max-video-preview:-1"},"canonical":"https:\/\/www.cepillosirca.com\/en\/product\/cepillo-profesional-linea-zafiro\/","og_locale":"en_US","og_type":"article","og_title":"L\u00ednea Zafiro | Cepillos Irca","og_description":"Tenemos los mejores cepillos profesionales para tu cabello. Pregunta por nuestro Cepillo Profesional L\u00ednea Zafiro.","og_url":"https:\/\/www.cepillosirca.com\/en\/product\/cepillo-profesional-linea-zafiro\/","og_site_name":"Cepillos Irca","article_modified_time":"2023-09-28T01:18:50+00:00","og_image":[{"width":1650,"height":1478,"url":"https:\/\/www.cepillosirca.com\/wp-content\/uploads\/2021\/07\/cepillo-profesional-irca-zafiro-1.jpg","type":"image\/png"}],"twitter_card":"summary_large_image","twitter_misc":{"Est. reading time":"1 minute"},"schema":{"@context":"https:\/\/schema.org","@graph":[{"@type":"WebPage","@id":"https:\/\/www.cepillosirca.com\/producto\/cepillo-profesional-linea-zafiro\/","url":"https:\/\/www.cepillosirca.com\/producto\/cepillo-profesional-linea-zafiro\/","name":"L\u00ednea Zafiro | Cepillos Irca","isPartOf":{"@id":"https:\/\/www.cepillosirca.com\/#website"},"datePublished":"2021-07-02T00:01:32+00:00","dateModified":"2023-09-28T01:18:50+00:00","description":"Tenemos los mejores cepillos profesionales para tu cabello. Pregunta por nuestro Cepillo Profesional L\u00ednea Zafiro.","breadcrumb":{"@id":"https:\/\/www.cepillosirca.com\/producto\/cepillo-profesional-linea-zafiro\/#breadcrumb"},"inLanguage":"en-US","potentialAction":[{"@type":"ReadAction","target":["https:\/\/www.cepillosirca.com\/producto\/cepillo-profesional-linea-zafiro\/"]}]},{"@type":"BreadcrumbList","@id":"https:\/\/www.cepillosirca.com\/producto\/cepillo-profesional-linea-zafiro\/#breadcrumb","itemListElement":[{"@type":"ListItem","position":1,"name":"Portada","item":"https:\/\/www.cepillosirca.com\/"},{"@type":"ListItem","position":2,"name":"Productos","item":"https:\/\/www.cepillosirca.com\/productos\/"},{"@type":"ListItem","position":3,"name":"L\u00ednea Zafiro"}]},{"@type":"WebSite","@id":"https:\/\/www.cepillosirca.com\/#website","url":"https:\/\/www.cepillosirca.com\/","name":"Cepillos Irca","description":"Cepillos Irca","publisher":{"@id":"https:\/\/www.cepillosirca.com\/#organization"},"potentialAction":[{"@type":"SearchAction","target":{"@type":"EntryPoint","urlTemplate":"https:\/\/www.cepillosirca.com\/?s={search_term_string}"},"query-input":"required name=search_term_string"}],"inLanguage":"en-US"},{"@type":"Organization","@id":"https:\/\/www.cepillosirca.com\/#organization","name":"Cepillos Irca","url":"https:\/\/www.cepillosirca.com\/","logo":{"@type":"ImageObject","inLanguage":"en-US","@id":"https:\/\/www.cepillosirca.com\/#\/schema\/logo\/image\/","url":"https:\/\/www.cepillosirca.com\/wp-content\/uploads\/2021\/06\/logo-industrias-irca.jpg","contentUrl":"https:\/\/www.cepillosirca.com\/wp-content\/uploads\/2021\/06\/logo-industrias-irca.jpg","width":333,"height":151,"caption":"Cepillos Irca"},"image":{"@id":"https:\/\/www.cepillosirca.com\/#\/schema\/logo\/image\/"}}]}},"_links":{"self":[{"href":"https:\/\/www.cepillosirca.com\/en\/wp-json\/wp\/v2\/product\/345","targetHints":{"allow":["GET"]}}],"collection":[{"href":"https:\/\/www.cepillosirca.com\/en\/wp-json\/wp\/v2\/product"}],"about":[{"href":"https:\/\/www.cepillosirca.com\/en\/wp-json\/wp\/v2\/types\/product"}],"replies":[{"embeddable":true,"href":"https:\/\/www.cepillosirca.com\/en\/wp-json\/wp\/v2\/comments?post=345"}],"wp:featuredmedia":[{"embeddable":true,"href":"https:\/\/www.cepillosirca.com\/en\/wp-json\/wp\/v2\/media\/1183"}],"wp:attachment":[{"href":"https:\/\/www.cepillosirca.com\/en\/wp-json\/wp\/v2\/media?parent=345"}],"wp:term":[{"taxonomy":"product_cat","embeddable":true,"href":"https:\/\/www.cepillosirca.com\/en\/wp-json\/wp\/v2\/product_cat?post=345"},{"taxonomy":"product_tag","embeddable":true,"href":"https:\/\/www.cepillosirca.com\/en\/wp-json\/wp\/v2\/product_tag?post=345"}],"curies":[{"name":"wp","href":"https:\/\/api.w.org\/{rel}","templated":true}]}}