{"id":370,"date":"2021-07-06T19:55:49","date_gmt":"2021-07-06T19:55:49","guid":{"rendered":"https:\/\/www.cepillosirca.com\/?post_type=product&#038;p=370"},"modified":"2023-09-28T01:36:31","modified_gmt":"2023-09-28T01:36:31","slug":"cepillo-profesional-linea-sahara","status":"publish","type":"product","link":"https:\/\/www.cepillosirca.com\/en\/product\/cepillo-profesional-linea-sahara\/","title":{"rendered":"Sahara Line"},"content":{"rendered":"<p>\u00bfSab\u00edas que para evitar maltrato en el pelo es ideal cepillar suavemente? Con el Cepillo Profesional L\u00ednea Sahara de Industrias Irca lo puedes lograr. Nuestros cepillos est\u00e1n hechos sobre cabos de madera natural;\u00a0 la l\u00ednea Sahara, cuenta con un mango de espuma antideslizante, la cual, mejora el agarre en momentos de alta tensi\u00f3n.<\/p>\n<p>Sus fibras mixtas de cerda natural y nylon profesional de alta resistencia, hacen que sea mucho m\u00e1s f\u00e1cil realizar un cepillado perfecto. Recuerda que las cerdas de nylon son ideales para cabellos gruesos o rebeldes pues no maltrataran el cabello. Adem\u00e1s, las cerdas naturales aportan brillo y hacen que el pelo luzca mas fresco.<\/p>","protected":false},"excerpt":{"rendered":"<p><strong>Sahara Line Professional Brush<\/strong><\/p>\n<p><strong>Material: Natural Wood<\/strong><\/p>\n<p><strong>Bristles: Mixed natural bristle and nylon fibers<\/strong><\/p>\n<p><strong>Handle: PVC rubber<\/strong><\/p>","protected":false},"featured_media":1185,"comment_status":"open","ping_status":"closed","template":"","meta":{"_et_pb_use_builder":"","_et_pb_old_content":"","_et_gb_content_width":""},"product_cat":[50],"product_tag":[37,36,22,20,21],"class_list":["post-370","product","type-product","status-publish","has-post-thumbnail","hentry","product_cat-linea-mixta","product_tag-cepillo-profesional-irca-linea-sahara","product_tag-cepillo-profesional-linea-sahara","product_tag-cepillos-irca","product_tag-cepillos-profesionales-de-peluqueria","product_tag-cepillos-profesionales-para-el-pelo"],"yoast_head":"<!-- This site is optimized with the Yoast SEO plugin v21.0 - https:\/\/yoast.com\/wordpress\/plugins\/seo\/ -->\n<title>\u25b7 L\u00ednea Sahara | Cepillos Irca<\/title>\n<meta name=\"description\" content=\"El Cepillo Profesional L\u00ednea Sahara ? Cepillo para el pelo hecho con fibras mixtas de nylon y de cerda natural. \u00a1Haz Clic!\" \/>\n<meta name=\"robots\" content=\"index, follow, max-snippet:-1, max-image-preview:large, max-video-preview:-1\" \/>\n<link rel=\"canonical\" href=\"https:\/\/www.cepillosirca.com\/en\/product\/cepillo-profesional-linea-sahara\/\" \/>\n<meta property=\"og:locale\" content=\"en_US\" \/>\n<meta property=\"og:type\" content=\"article\" \/>\n<meta property=\"og:title\" content=\"\u25b7 L\u00ednea Sahara | Cepillos Irca\" \/>\n<meta property=\"og:description\" content=\"El Cepillo Profesional L\u00ednea Sahara ? Cepillo para el pelo hecho con fibras mixtas de nylon y de cerda natural. \u00a1Haz Clic!\" \/>\n<meta property=\"og:url\" content=\"https:\/\/www.cepillosirca.com\/en\/product\/cepillo-profesional-linea-sahara\/\" \/>\n<meta property=\"og:site_name\" content=\"Cepillos Irca\" \/>\n<meta property=\"article:modified_time\" content=\"2023-09-28T01:36:31+00:00\" \/>\n<meta property=\"og:image\" content=\"https:\/\/www.cepillosirca.com\/wp-content\/uploads\/2021\/07\/cepillo-profesional-irca-sahara-1.jpg\" \/>\n\t<meta property=\"og:image:width\" content=\"1649\" \/>\n\t<meta property=\"og:image:height\" content=\"1409\" \/>\n\t<meta property=\"og:image:type\" content=\"image\/png\" \/>\n<meta name=\"twitter:card\" content=\"summary_large_image\" \/>\n<meta name=\"twitter:label1\" content=\"Est. reading time\" \/>\n\t<meta name=\"twitter:data1\" content=\"1 minute\" \/>\n<script type=\"application\/ld+json\" class=\"yoast-schema-graph\">{\"@context\":\"https:\/\/schema.org\",\"@graph\":[{\"@type\":\"WebPage\",\"@id\":\"https:\/\/www.cepillosirca.com\/producto\/cepillo-profesional-linea-sahara\/\",\"url\":\"https:\/\/www.cepillosirca.com\/producto\/cepillo-profesional-linea-sahara\/\",\"name\":\"\u25b7 L\u00ednea Sahara | Cepillos Irca\",\"isPartOf\":{\"@id\":\"https:\/\/www.cepillosirca.com\/#website\"},\"datePublished\":\"2021-07-06T19:55:49+00:00\",\"dateModified\":\"2023-09-28T01:36:31+00:00\",\"description\":\"El Cepillo Profesional L\u00ednea Sahara ? Cepillo para el pelo hecho con fibras mixtas de nylon y de cerda natural. \u00a1Haz Clic!\",\"breadcrumb\":{\"@id\":\"https:\/\/www.cepillosirca.com\/producto\/cepillo-profesional-linea-sahara\/#breadcrumb\"},\"inLanguage\":\"en-US\",\"potentialAction\":[{\"@type\":\"ReadAction\",\"target\":[\"https:\/\/www.cepillosirca.com\/producto\/cepillo-profesional-linea-sahara\/\"]}]},{\"@type\":\"BreadcrumbList\",\"@id\":\"https:\/\/www.cepillosirca.com\/producto\/cepillo-profesional-linea-sahara\/#breadcrumb\",\"itemListElement\":[{\"@type\":\"ListItem\",\"position\":1,\"name\":\"Portada\",\"item\":\"https:\/\/www.cepillosirca.com\/\"},{\"@type\":\"ListItem\",\"position\":2,\"name\":\"Productos\",\"item\":\"https:\/\/www.cepillosirca.com\/productos\/\"},{\"@type\":\"ListItem\",\"position\":3,\"name\":\"L\u00ednea Sahara\"}]},{\"@type\":\"WebSite\",\"@id\":\"https:\/\/www.cepillosirca.com\/#website\",\"url\":\"https:\/\/www.cepillosirca.com\/\",\"name\":\"Cepillos Irca\",\"description\":\"Cepillos Irca\",\"publisher\":{\"@id\":\"https:\/\/www.cepillosirca.com\/#organization\"},\"potentialAction\":[{\"@type\":\"SearchAction\",\"target\":{\"@type\":\"EntryPoint\",\"urlTemplate\":\"https:\/\/www.cepillosirca.com\/?s={search_term_string}\"},\"query-input\":\"required name=search_term_string\"}],\"inLanguage\":\"en-US\"},{\"@type\":\"Organization\",\"@id\":\"https:\/\/www.cepillosirca.com\/#organization\",\"name\":\"Cepillos Irca\",\"url\":\"https:\/\/www.cepillosirca.com\/\",\"logo\":{\"@type\":\"ImageObject\",\"inLanguage\":\"en-US\",\"@id\":\"https:\/\/www.cepillosirca.com\/#\/schema\/logo\/image\/\",\"url\":\"https:\/\/www.cepillosirca.com\/wp-content\/uploads\/2021\/06\/logo-industrias-irca.jpg\",\"contentUrl\":\"https:\/\/www.cepillosirca.com\/wp-content\/uploads\/2021\/06\/logo-industrias-irca.jpg\",\"width\":333,\"height\":151,\"caption\":\"Cepillos Irca\"},\"image\":{\"@id\":\"https:\/\/www.cepillosirca.com\/#\/schema\/logo\/image\/\"}}]}<\/script>\n<!-- \/ Yoast SEO plugin. -->","yoast_head_json":{"title":"\u25b7 L\u00ednea Sahara | Cepillos Irca","description":"El Cepillo Profesional L\u00ednea Sahara ? Cepillo para el pelo hecho con fibras mixtas de nylon y de cerda natural. \u00a1Haz Clic!","robots":{"index":"index","follow":"follow","max-snippet":"max-snippet:-1","max-image-preview":"max-image-preview:large","max-video-preview":"max-video-preview:-1"},"canonical":"https:\/\/www.cepillosirca.com\/en\/product\/cepillo-profesional-linea-sahara\/","og_locale":"en_US","og_type":"article","og_title":"\u25b7 L\u00ednea Sahara | Cepillos Irca","og_description":"El Cepillo Profesional L\u00ednea Sahara ? Cepillo para el pelo hecho con fibras mixtas de nylon y de cerda natural. \u00a1Haz Clic!","og_url":"https:\/\/www.cepillosirca.com\/en\/product\/cepillo-profesional-linea-sahara\/","og_site_name":"Cepillos Irca","article_modified_time":"2023-09-28T01:36:31+00:00","og_image":[{"width":1649,"height":1409,"url":"https:\/\/www.cepillosirca.com\/wp-content\/uploads\/2021\/07\/cepillo-profesional-irca-sahara-1.jpg","type":"image\/png"}],"twitter_card":"summary_large_image","twitter_misc":{"Est. reading time":"1 minute"},"schema":{"@context":"https:\/\/schema.org","@graph":[{"@type":"WebPage","@id":"https:\/\/www.cepillosirca.com\/producto\/cepillo-profesional-linea-sahara\/","url":"https:\/\/www.cepillosirca.com\/producto\/cepillo-profesional-linea-sahara\/","name":"\u25b7 L\u00ednea Sahara | Cepillos Irca","isPartOf":{"@id":"https:\/\/www.cepillosirca.com\/#website"},"datePublished":"2021-07-06T19:55:49+00:00","dateModified":"2023-09-28T01:36:31+00:00","description":"El Cepillo Profesional L\u00ednea Sahara ? Cepillo para el pelo hecho con fibras mixtas de nylon y de cerda natural. \u00a1Haz Clic!","breadcrumb":{"@id":"https:\/\/www.cepillosirca.com\/producto\/cepillo-profesional-linea-sahara\/#breadcrumb"},"inLanguage":"en-US","potentialAction":[{"@type":"ReadAction","target":["https:\/\/www.cepillosirca.com\/producto\/cepillo-profesional-linea-sahara\/"]}]},{"@type":"BreadcrumbList","@id":"https:\/\/www.cepillosirca.com\/producto\/cepillo-profesional-linea-sahara\/#breadcrumb","itemListElement":[{"@type":"ListItem","position":1,"name":"Portada","item":"https:\/\/www.cepillosirca.com\/"},{"@type":"ListItem","position":2,"name":"Productos","item":"https:\/\/www.cepillosirca.com\/productos\/"},{"@type":"ListItem","position":3,"name":"L\u00ednea Sahara"}]},{"@type":"WebSite","@id":"https:\/\/www.cepillosirca.com\/#website","url":"https:\/\/www.cepillosirca.com\/","name":"Cepillos Irca","description":"Cepillos Irca","publisher":{"@id":"https:\/\/www.cepillosirca.com\/#organization"},"potentialAction":[{"@type":"SearchAction","target":{"@type":"EntryPoint","urlTemplate":"https:\/\/www.cepillosirca.com\/?s={search_term_string}"},"query-input":"required name=search_term_string"}],"inLanguage":"en-US"},{"@type":"Organization","@id":"https:\/\/www.cepillosirca.com\/#organization","name":"Cepillos Irca","url":"https:\/\/www.cepillosirca.com\/","logo":{"@type":"ImageObject","inLanguage":"en-US","@id":"https:\/\/www.cepillosirca.com\/#\/schema\/logo\/image\/","url":"https:\/\/www.cepillosirca.com\/wp-content\/uploads\/2021\/06\/logo-industrias-irca.jpg","contentUrl":"https:\/\/www.cepillosirca.com\/wp-content\/uploads\/2021\/06\/logo-industrias-irca.jpg","width":333,"height":151,"caption":"Cepillos Irca"},"image":{"@id":"https:\/\/www.cepillosirca.com\/#\/schema\/logo\/image\/"}}]}},"_links":{"self":[{"href":"https:\/\/www.cepillosirca.com\/en\/wp-json\/wp\/v2\/product\/370","targetHints":{"allow":["GET"]}}],"collection":[{"href":"https:\/\/www.cepillosirca.com\/en\/wp-json\/wp\/v2\/product"}],"about":[{"href":"https:\/\/www.cepillosirca.com\/en\/wp-json\/wp\/v2\/types\/product"}],"replies":[{"embeddable":true,"href":"https:\/\/www.cepillosirca.com\/en\/wp-json\/wp\/v2\/comments?post=370"}],"wp:featuredmedia":[{"embeddable":true,"href":"https:\/\/www.cepillosirca.com\/en\/wp-json\/wp\/v2\/media\/1185"}],"wp:attachment":[{"href":"https:\/\/www.cepillosirca.com\/en\/wp-json\/wp\/v2\/media?parent=370"}],"wp:term":[{"taxonomy":"product_cat","embeddable":true,"href":"https:\/\/www.cepillosirca.com\/en\/wp-json\/wp\/v2\/product_cat?post=370"},{"taxonomy":"product_tag","embeddable":true,"href":"https:\/\/www.cepillosirca.com\/en\/wp-json\/wp\/v2\/product_tag?post=370"}],"curies":[{"name":"wp","href":"https:\/\/api.w.org\/{rel}","templated":true}]}}