{"id":385,"date":"2021-07-06T23:32:22","date_gmt":"2021-07-06T23:32:22","guid":{"rendered":"https:\/\/www.cepillosirca.com\/?post_type=product&#038;p=385"},"modified":"2023-12-19T00:10:58","modified_gmt":"2023-12-19T00:10:58","slug":"cepillo-profesional-linea-afrodita","status":"publish","type":"product","link":"https:\/\/www.cepillosirca.com\/en\/product\/cepillo-profesional-linea-afrodita\/","title":{"rendered":"Aphrodite Line"},"content":{"rendered":"<p>Los Cepillos Profesionales de nuestra L\u00ednea Afrodita, son especializados para el control de frizz. Gracias a sus cerdas tipo penacho, se facilita el manejo del pelo en condiciones de rebeld\u00eda. Los cuatro tama\u00f1os de nuestra L\u00ednea Afrodita, cuentan con un mango ergon\u00f3mico en goma EVA, que brindan un mejor agarre, agilidad y firmeza.<\/p>\n<p>Estos cepillos profesionales redondos de la L\u00ednea Afrodita, son ideales para desenredar el cabello, adem\u00e1s de moldear y perfeccionar\u00a0 acabados de peinados.<\/p>","protected":false},"excerpt":{"rendered":"<p><strong>Aphrodite Line Professional Brush<\/strong><\/p>\n<p><strong>Material: Natural Wood<\/strong><\/p>\n<p><strong>Bristles: Professional Nylon<\/strong><\/p>\n<p><strong>Handle: PVC rubber<\/strong><\/p>","protected":false},"featured_media":1188,"comment_status":"open","ping_status":"closed","template":"","meta":{"_et_pb_use_builder":"","_et_pb_old_content":"","_et_gb_content_width":""},"product_cat":[51],"product_tag":[43,42,22,20,21],"class_list":["post-385","product","type-product","status-publish","has-post-thumbnail","hentry","product_cat-linea-penacho","product_tag-cepillo-profesional-irca-linea-afrodita","product_tag-cepillo-profesional-linea-afrodita","product_tag-cepillos-irca","product_tag-cepillos-profesionales-de-peluqueria","product_tag-cepillos-profesionales-para-el-pelo"],"yoast_head":"<!-- This site is optimized with the Yoast SEO plugin v21.0 - https:\/\/yoast.com\/wordpress\/plugins\/seo\/ -->\n<title>\u2705 L\u00ednea Afrodita | Cepillos Irca<\/title>\n<meta name=\"description\" content=\"Cepillo Profesional L\u00ednea Afrodita \u2705 Tenemos cepillos profesionales para todos los tipos de pelo. Consigue el tuyo ahora. \u00a1Cont\u00e1ctanos ya!\" \/>\n<meta name=\"robots\" content=\"index, follow, max-snippet:-1, max-image-preview:large, max-video-preview:-1\" \/>\n<link rel=\"canonical\" href=\"https:\/\/www.cepillosirca.com\/en\/product\/cepillo-profesional-linea-afrodita\/\" \/>\n<meta property=\"og:locale\" content=\"en_US\" \/>\n<meta property=\"og:type\" content=\"article\" \/>\n<meta property=\"og:title\" content=\"\u2705 L\u00ednea Afrodita | Cepillos Irca\" \/>\n<meta property=\"og:description\" content=\"Cepillo Profesional L\u00ednea Afrodita \u2705 Tenemos cepillos profesionales para todos los tipos de pelo. Consigue el tuyo ahora. \u00a1Cont\u00e1ctanos ya!\" \/>\n<meta property=\"og:url\" content=\"https:\/\/www.cepillosirca.com\/en\/product\/cepillo-profesional-linea-afrodita\/\" \/>\n<meta property=\"og:site_name\" content=\"Cepillos Irca\" \/>\n<meta property=\"article:modified_time\" content=\"2023-12-19T00:10:58+00:00\" \/>\n<meta property=\"og:image\" content=\"https:\/\/www.cepillosirca.com\/wp-content\/uploads\/2021\/07\/cepillo-profesional-irca-afrodita-1.jpg\" \/>\n\t<meta property=\"og:image:width\" content=\"1650\" \/>\n\t<meta property=\"og:image:height\" content=\"1453\" \/>\n\t<meta property=\"og:image:type\" content=\"image\/png\" \/>\n<meta name=\"twitter:card\" content=\"summary_large_image\" \/>\n<meta name=\"twitter:label1\" content=\"Est. reading time\" \/>\n\t<meta name=\"twitter:data1\" content=\"1 minute\" \/>\n<script type=\"application\/ld+json\" class=\"yoast-schema-graph\">{\"@context\":\"https:\/\/schema.org\",\"@graph\":[{\"@type\":\"WebPage\",\"@id\":\"https:\/\/www.cepillosirca.com\/producto\/cepillo-profesional-linea-afrodita\/\",\"url\":\"https:\/\/www.cepillosirca.com\/producto\/cepillo-profesional-linea-afrodita\/\",\"name\":\"\u2705 L\u00ednea Afrodita | Cepillos Irca\",\"isPartOf\":{\"@id\":\"https:\/\/www.cepillosirca.com\/#website\"},\"datePublished\":\"2021-07-06T23:32:22+00:00\",\"dateModified\":\"2023-12-19T00:10:58+00:00\",\"description\":\"Cepillo Profesional L\u00ednea Afrodita \u2705 Tenemos cepillos profesionales para todos los tipos de pelo. Consigue el tuyo ahora. \u00a1Cont\u00e1ctanos ya!\",\"breadcrumb\":{\"@id\":\"https:\/\/www.cepillosirca.com\/producto\/cepillo-profesional-linea-afrodita\/#breadcrumb\"},\"inLanguage\":\"en-US\",\"potentialAction\":[{\"@type\":\"ReadAction\",\"target\":[\"https:\/\/www.cepillosirca.com\/producto\/cepillo-profesional-linea-afrodita\/\"]}]},{\"@type\":\"BreadcrumbList\",\"@id\":\"https:\/\/www.cepillosirca.com\/producto\/cepillo-profesional-linea-afrodita\/#breadcrumb\",\"itemListElement\":[{\"@type\":\"ListItem\",\"position\":1,\"name\":\"Portada\",\"item\":\"https:\/\/www.cepillosirca.com\/\"},{\"@type\":\"ListItem\",\"position\":2,\"name\":\"Productos\",\"item\":\"https:\/\/www.cepillosirca.com\/productos\/\"},{\"@type\":\"ListItem\",\"position\":3,\"name\":\"L\u00ednea Afrodita\"}]},{\"@type\":\"WebSite\",\"@id\":\"https:\/\/www.cepillosirca.com\/#website\",\"url\":\"https:\/\/www.cepillosirca.com\/\",\"name\":\"Cepillos Irca\",\"description\":\"Cepillos Irca\",\"publisher\":{\"@id\":\"https:\/\/www.cepillosirca.com\/#organization\"},\"potentialAction\":[{\"@type\":\"SearchAction\",\"target\":{\"@type\":\"EntryPoint\",\"urlTemplate\":\"https:\/\/www.cepillosirca.com\/?s={search_term_string}\"},\"query-input\":\"required name=search_term_string\"}],\"inLanguage\":\"en-US\"},{\"@type\":\"Organization\",\"@id\":\"https:\/\/www.cepillosirca.com\/#organization\",\"name\":\"Cepillos Irca\",\"url\":\"https:\/\/www.cepillosirca.com\/\",\"logo\":{\"@type\":\"ImageObject\",\"inLanguage\":\"en-US\",\"@id\":\"https:\/\/www.cepillosirca.com\/#\/schema\/logo\/image\/\",\"url\":\"https:\/\/www.cepillosirca.com\/wp-content\/uploads\/2021\/06\/logo-industrias-irca.jpg\",\"contentUrl\":\"https:\/\/www.cepillosirca.com\/wp-content\/uploads\/2021\/06\/logo-industrias-irca.jpg\",\"width\":333,\"height\":151,\"caption\":\"Cepillos Irca\"},\"image\":{\"@id\":\"https:\/\/www.cepillosirca.com\/#\/schema\/logo\/image\/\"}}]}<\/script>\n<!-- \/ Yoast SEO plugin. -->","yoast_head_json":{"title":"\u2705 L\u00ednea Afrodita | Cepillos Irca","description":"Cepillo Profesional L\u00ednea Afrodita \u2705 Tenemos cepillos profesionales para todos los tipos de pelo. Consigue el tuyo ahora. \u00a1Cont\u00e1ctanos ya!","robots":{"index":"index","follow":"follow","max-snippet":"max-snippet:-1","max-image-preview":"max-image-preview:large","max-video-preview":"max-video-preview:-1"},"canonical":"https:\/\/www.cepillosirca.com\/en\/product\/cepillo-profesional-linea-afrodita\/","og_locale":"en_US","og_type":"article","og_title":"\u2705 L\u00ednea Afrodita | Cepillos Irca","og_description":"Cepillo Profesional L\u00ednea Afrodita \u2705 Tenemos cepillos profesionales para todos los tipos de pelo. Consigue el tuyo ahora. \u00a1Cont\u00e1ctanos ya!","og_url":"https:\/\/www.cepillosirca.com\/en\/product\/cepillo-profesional-linea-afrodita\/","og_site_name":"Cepillos Irca","article_modified_time":"2023-12-19T00:10:58+00:00","og_image":[{"width":1650,"height":1453,"url":"https:\/\/www.cepillosirca.com\/wp-content\/uploads\/2021\/07\/cepillo-profesional-irca-afrodita-1.jpg","type":"image\/png"}],"twitter_card":"summary_large_image","twitter_misc":{"Est. reading time":"1 minute"},"schema":{"@context":"https:\/\/schema.org","@graph":[{"@type":"WebPage","@id":"https:\/\/www.cepillosirca.com\/producto\/cepillo-profesional-linea-afrodita\/","url":"https:\/\/www.cepillosirca.com\/producto\/cepillo-profesional-linea-afrodita\/","name":"\u2705 L\u00ednea Afrodita | Cepillos Irca","isPartOf":{"@id":"https:\/\/www.cepillosirca.com\/#website"},"datePublished":"2021-07-06T23:32:22+00:00","dateModified":"2023-12-19T00:10:58+00:00","description":"Cepillo Profesional L\u00ednea Afrodita \u2705 Tenemos cepillos profesionales para todos los tipos de pelo. Consigue el tuyo ahora. \u00a1Cont\u00e1ctanos ya!","breadcrumb":{"@id":"https:\/\/www.cepillosirca.com\/producto\/cepillo-profesional-linea-afrodita\/#breadcrumb"},"inLanguage":"en-US","potentialAction":[{"@type":"ReadAction","target":["https:\/\/www.cepillosirca.com\/producto\/cepillo-profesional-linea-afrodita\/"]}]},{"@type":"BreadcrumbList","@id":"https:\/\/www.cepillosirca.com\/producto\/cepillo-profesional-linea-afrodita\/#breadcrumb","itemListElement":[{"@type":"ListItem","position":1,"name":"Portada","item":"https:\/\/www.cepillosirca.com\/"},{"@type":"ListItem","position":2,"name":"Productos","item":"https:\/\/www.cepillosirca.com\/productos\/"},{"@type":"ListItem","position":3,"name":"L\u00ednea Afrodita"}]},{"@type":"WebSite","@id":"https:\/\/www.cepillosirca.com\/#website","url":"https:\/\/www.cepillosirca.com\/","name":"Cepillos Irca","description":"Cepillos Irca","publisher":{"@id":"https:\/\/www.cepillosirca.com\/#organization"},"potentialAction":[{"@type":"SearchAction","target":{"@type":"EntryPoint","urlTemplate":"https:\/\/www.cepillosirca.com\/?s={search_term_string}"},"query-input":"required name=search_term_string"}],"inLanguage":"en-US"},{"@type":"Organization","@id":"https:\/\/www.cepillosirca.com\/#organization","name":"Cepillos Irca","url":"https:\/\/www.cepillosirca.com\/","logo":{"@type":"ImageObject","inLanguage":"en-US","@id":"https:\/\/www.cepillosirca.com\/#\/schema\/logo\/image\/","url":"https:\/\/www.cepillosirca.com\/wp-content\/uploads\/2021\/06\/logo-industrias-irca.jpg","contentUrl":"https:\/\/www.cepillosirca.com\/wp-content\/uploads\/2021\/06\/logo-industrias-irca.jpg","width":333,"height":151,"caption":"Cepillos Irca"},"image":{"@id":"https:\/\/www.cepillosirca.com\/#\/schema\/logo\/image\/"}}]}},"_links":{"self":[{"href":"https:\/\/www.cepillosirca.com\/en\/wp-json\/wp\/v2\/product\/385","targetHints":{"allow":["GET"]}}],"collection":[{"href":"https:\/\/www.cepillosirca.com\/en\/wp-json\/wp\/v2\/product"}],"about":[{"href":"https:\/\/www.cepillosirca.com\/en\/wp-json\/wp\/v2\/types\/product"}],"replies":[{"embeddable":true,"href":"https:\/\/www.cepillosirca.com\/en\/wp-json\/wp\/v2\/comments?post=385"}],"wp:featuredmedia":[{"embeddable":true,"href":"https:\/\/www.cepillosirca.com\/en\/wp-json\/wp\/v2\/media\/1188"}],"wp:attachment":[{"href":"https:\/\/www.cepillosirca.com\/en\/wp-json\/wp\/v2\/media?parent=385"}],"wp:term":[{"taxonomy":"product_cat","embeddable":true,"href":"https:\/\/www.cepillosirca.com\/en\/wp-json\/wp\/v2\/product_cat?post=385"},{"taxonomy":"product_tag","embeddable":true,"href":"https:\/\/www.cepillosirca.com\/en\/wp-json\/wp\/v2\/product_tag?post=385"}],"curies":[{"name":"wp","href":"https:\/\/api.w.org\/{rel}","templated":true}]}}