{"id":390,"date":"2021-07-07T01:57:30","date_gmt":"2021-07-07T01:57:30","guid":{"rendered":"https:\/\/www.cepillosirca.com\/?post_type=product&#038;p=390"},"modified":"2023-12-19T00:05:58","modified_gmt":"2023-12-19T00:05:58","slug":"cepillo-profesional-linea-venus","status":"publish","type":"product","link":"https:\/\/www.cepillosirca.com\/en\/product\/cepillo-profesional-linea-venus\/","title":{"rendered":"Venus Line"},"content":{"rendered":"<p>Si estas buscando cepillos para alisar el pelo, el Cepillo Profesional L\u00ednea Venus es el adecuado. Esta L\u00ednea consta de 4 tama\u00f1os de cepillos montados sobre cabos madera natural; son ideales para controlar el frizz, gracias a sus cerdas naturales reforzadas.<\/p>\n<p>Nuestro Cepillo Profesional L\u00ednea Venus se adapta a todos los tipos de pelo. Adem\u00e1s, tiene mango ergon\u00f3mico en goma EVA que facilita un mejor agarre y mayor firmeza en momentos de tensi\u00f3n. Este cepillo es el adecuado para moldear, alisar y finalizar peinados. Lo mejor de todo es que no maltrata el cabello.<\/p>","protected":false},"excerpt":{"rendered":"<p><strong>Venus Line Professional Brush<\/strong><\/p>\n<p><strong>Material: Natural Wood<\/strong><\/p>\n<p><strong>Bristles: Reinforced natural bristles<\/strong><\/p>\n<p><strong>Handle: PVC rubber<\/strong><\/p>","protected":false},"featured_media":1189,"comment_status":"open","ping_status":"closed","template":"","meta":{"_et_pb_use_builder":"","_et_pb_old_content":"","_et_gb_content_width":""},"product_cat":[50],"product_tag":[45,44,22,63,69,20,21],"class_list":["post-390","product","type-product","status-publish","has-post-thumbnail","hentry","product_cat-linea-mixta","product_tag-cepillo-profesional-irca-linea-venus","product_tag-cepillo-profesional-linea-venus","product_tag-cepillos-irca","product_tag-cepillos-para-el-pelo-de-cerdas-mixtas","product_tag-cepillos-profesionales-con-cerdas-naturales-reforzadas","product_tag-cepillos-profesionales-de-peluqueria","product_tag-cepillos-profesionales-para-el-pelo"],"yoast_head":"<!-- This site is optimized with the Yoast SEO plugin v21.0 - https:\/\/yoast.com\/wordpress\/plugins\/seo\/ -->\n<title>\u2705 L\u00ednea Venus | Cepillos Irca<\/title>\n<meta name=\"description\" content=\"Cepillo Profesional L\u00ednea Venus, es ideal para hacer cepillados o alisados en tu pelo. Compra tus Cepillos Irca con nuestros distribuidores. \u2705\" \/>\n<meta name=\"robots\" content=\"index, follow, max-snippet:-1, max-image-preview:large, max-video-preview:-1\" \/>\n<link rel=\"canonical\" href=\"https:\/\/www.cepillosirca.com\/en\/product\/cepillo-profesional-linea-venus\/\" \/>\n<meta property=\"og:locale\" content=\"en_US\" \/>\n<meta property=\"og:type\" content=\"article\" \/>\n<meta property=\"og:title\" content=\"\u2705 L\u00ednea Venus | Cepillos Irca\" \/>\n<meta property=\"og:description\" content=\"Cepillo Profesional L\u00ednea Venus, es ideal para hacer cepillados o alisados en tu pelo. Compra tus Cepillos Irca con nuestros distribuidores. \u2705\" \/>\n<meta property=\"og:url\" content=\"https:\/\/www.cepillosirca.com\/en\/product\/cepillo-profesional-linea-venus\/\" \/>\n<meta property=\"og:site_name\" content=\"Cepillos Irca\" \/>\n<meta property=\"article:modified_time\" content=\"2023-12-19T00:05:58+00:00\" \/>\n<meta property=\"og:image\" content=\"https:\/\/www.cepillosirca.com\/wp-content\/uploads\/2021\/07\/cepillo-profesional-irca-venus.png\" \/>\n\t<meta property=\"og:image:width\" content=\"1650\" \/>\n\t<meta property=\"og:image:height\" content=\"1423\" \/>\n\t<meta property=\"og:image:type\" content=\"image\/png\" \/>\n<meta name=\"twitter:card\" content=\"summary_large_image\" \/>\n<meta name=\"twitter:label1\" content=\"Est. reading time\" \/>\n\t<meta name=\"twitter:data1\" content=\"1 minute\" \/>\n<script type=\"application\/ld+json\" class=\"yoast-schema-graph\">{\"@context\":\"https:\/\/schema.org\",\"@graph\":[{\"@type\":\"WebPage\",\"@id\":\"https:\/\/www.cepillosirca.com\/producto\/cepillo-profesional-linea-venus\/\",\"url\":\"https:\/\/www.cepillosirca.com\/producto\/cepillo-profesional-linea-venus\/\",\"name\":\"\u2705 L\u00ednea Venus | Cepillos Irca\",\"isPartOf\":{\"@id\":\"https:\/\/www.cepillosirca.com\/#website\"},\"datePublished\":\"2021-07-07T01:57:30+00:00\",\"dateModified\":\"2023-12-19T00:05:58+00:00\",\"description\":\"Cepillo Profesional L\u00ednea Venus, es ideal para hacer cepillados o alisados en tu pelo. Compra tus Cepillos Irca con nuestros distribuidores. \u2705\",\"breadcrumb\":{\"@id\":\"https:\/\/www.cepillosirca.com\/producto\/cepillo-profesional-linea-venus\/#breadcrumb\"},\"inLanguage\":\"en-US\",\"potentialAction\":[{\"@type\":\"ReadAction\",\"target\":[\"https:\/\/www.cepillosirca.com\/producto\/cepillo-profesional-linea-venus\/\"]}]},{\"@type\":\"BreadcrumbList\",\"@id\":\"https:\/\/www.cepillosirca.com\/producto\/cepillo-profesional-linea-venus\/#breadcrumb\",\"itemListElement\":[{\"@type\":\"ListItem\",\"position\":1,\"name\":\"Portada\",\"item\":\"https:\/\/www.cepillosirca.com\/\"},{\"@type\":\"ListItem\",\"position\":2,\"name\":\"Productos\",\"item\":\"https:\/\/www.cepillosirca.com\/productos\/\"},{\"@type\":\"ListItem\",\"position\":3,\"name\":\"L\u00ednea Venus\"}]},{\"@type\":\"WebSite\",\"@id\":\"https:\/\/www.cepillosirca.com\/#website\",\"url\":\"https:\/\/www.cepillosirca.com\/\",\"name\":\"Cepillos Irca\",\"description\":\"Cepillos Irca\",\"publisher\":{\"@id\":\"https:\/\/www.cepillosirca.com\/#organization\"},\"potentialAction\":[{\"@type\":\"SearchAction\",\"target\":{\"@type\":\"EntryPoint\",\"urlTemplate\":\"https:\/\/www.cepillosirca.com\/?s={search_term_string}\"},\"query-input\":\"required name=search_term_string\"}],\"inLanguage\":\"en-US\"},{\"@type\":\"Organization\",\"@id\":\"https:\/\/www.cepillosirca.com\/#organization\",\"name\":\"Cepillos Irca\",\"url\":\"https:\/\/www.cepillosirca.com\/\",\"logo\":{\"@type\":\"ImageObject\",\"inLanguage\":\"en-US\",\"@id\":\"https:\/\/www.cepillosirca.com\/#\/schema\/logo\/image\/\",\"url\":\"https:\/\/www.cepillosirca.com\/wp-content\/uploads\/2021\/06\/logo-industrias-irca.jpg\",\"contentUrl\":\"https:\/\/www.cepillosirca.com\/wp-content\/uploads\/2021\/06\/logo-industrias-irca.jpg\",\"width\":333,\"height\":151,\"caption\":\"Cepillos Irca\"},\"image\":{\"@id\":\"https:\/\/www.cepillosirca.com\/#\/schema\/logo\/image\/\"}}]}<\/script>\n<!-- \/ Yoast SEO plugin. -->","yoast_head_json":{"title":"\u2705 L\u00ednea Venus | Cepillos Irca","description":"Cepillo Profesional L\u00ednea Venus, es ideal para hacer cepillados o alisados en tu pelo. Compra tus Cepillos Irca con nuestros distribuidores. \u2705","robots":{"index":"index","follow":"follow","max-snippet":"max-snippet:-1","max-image-preview":"max-image-preview:large","max-video-preview":"max-video-preview:-1"},"canonical":"https:\/\/www.cepillosirca.com\/en\/product\/cepillo-profesional-linea-venus\/","og_locale":"en_US","og_type":"article","og_title":"\u2705 L\u00ednea Venus | Cepillos Irca","og_description":"Cepillo Profesional L\u00ednea Venus, es ideal para hacer cepillados o alisados en tu pelo. Compra tus Cepillos Irca con nuestros distribuidores. \u2705","og_url":"https:\/\/www.cepillosirca.com\/en\/product\/cepillo-profesional-linea-venus\/","og_site_name":"Cepillos Irca","article_modified_time":"2023-12-19T00:05:58+00:00","og_image":[{"width":1650,"height":1423,"url":"https:\/\/www.cepillosirca.com\/wp-content\/uploads\/2021\/07\/cepillo-profesional-irca-venus.png","type":"image\/png"}],"twitter_card":"summary_large_image","twitter_misc":{"Est. reading time":"1 minute"},"schema":{"@context":"https:\/\/schema.org","@graph":[{"@type":"WebPage","@id":"https:\/\/www.cepillosirca.com\/producto\/cepillo-profesional-linea-venus\/","url":"https:\/\/www.cepillosirca.com\/producto\/cepillo-profesional-linea-venus\/","name":"\u2705 L\u00ednea Venus | Cepillos Irca","isPartOf":{"@id":"https:\/\/www.cepillosirca.com\/#website"},"datePublished":"2021-07-07T01:57:30+00:00","dateModified":"2023-12-19T00:05:58+00:00","description":"Cepillo Profesional L\u00ednea Venus, es ideal para hacer cepillados o alisados en tu pelo. Compra tus Cepillos Irca con nuestros distribuidores. \u2705","breadcrumb":{"@id":"https:\/\/www.cepillosirca.com\/producto\/cepillo-profesional-linea-venus\/#breadcrumb"},"inLanguage":"en-US","potentialAction":[{"@type":"ReadAction","target":["https:\/\/www.cepillosirca.com\/producto\/cepillo-profesional-linea-venus\/"]}]},{"@type":"BreadcrumbList","@id":"https:\/\/www.cepillosirca.com\/producto\/cepillo-profesional-linea-venus\/#breadcrumb","itemListElement":[{"@type":"ListItem","position":1,"name":"Portada","item":"https:\/\/www.cepillosirca.com\/"},{"@type":"ListItem","position":2,"name":"Productos","item":"https:\/\/www.cepillosirca.com\/productos\/"},{"@type":"ListItem","position":3,"name":"L\u00ednea Venus"}]},{"@type":"WebSite","@id":"https:\/\/www.cepillosirca.com\/#website","url":"https:\/\/www.cepillosirca.com\/","name":"Cepillos Irca","description":"Cepillos Irca","publisher":{"@id":"https:\/\/www.cepillosirca.com\/#organization"},"potentialAction":[{"@type":"SearchAction","target":{"@type":"EntryPoint","urlTemplate":"https:\/\/www.cepillosirca.com\/?s={search_term_string}"},"query-input":"required name=search_term_string"}],"inLanguage":"en-US"},{"@type":"Organization","@id":"https:\/\/www.cepillosirca.com\/#organization","name":"Cepillos Irca","url":"https:\/\/www.cepillosirca.com\/","logo":{"@type":"ImageObject","inLanguage":"en-US","@id":"https:\/\/www.cepillosirca.com\/#\/schema\/logo\/image\/","url":"https:\/\/www.cepillosirca.com\/wp-content\/uploads\/2021\/06\/logo-industrias-irca.jpg","contentUrl":"https:\/\/www.cepillosirca.com\/wp-content\/uploads\/2021\/06\/logo-industrias-irca.jpg","width":333,"height":151,"caption":"Cepillos Irca"},"image":{"@id":"https:\/\/www.cepillosirca.com\/#\/schema\/logo\/image\/"}}]}},"_links":{"self":[{"href":"https:\/\/www.cepillosirca.com\/en\/wp-json\/wp\/v2\/product\/390","targetHints":{"allow":["GET"]}}],"collection":[{"href":"https:\/\/www.cepillosirca.com\/en\/wp-json\/wp\/v2\/product"}],"about":[{"href":"https:\/\/www.cepillosirca.com\/en\/wp-json\/wp\/v2\/types\/product"}],"replies":[{"embeddable":true,"href":"https:\/\/www.cepillosirca.com\/en\/wp-json\/wp\/v2\/comments?post=390"}],"wp:featuredmedia":[{"embeddable":true,"href":"https:\/\/www.cepillosirca.com\/en\/wp-json\/wp\/v2\/media\/1189"}],"wp:attachment":[{"href":"https:\/\/www.cepillosirca.com\/en\/wp-json\/wp\/v2\/media?parent=390"}],"wp:term":[{"taxonomy":"product_cat","embeddable":true,"href":"https:\/\/www.cepillosirca.com\/en\/wp-json\/wp\/v2\/product_cat?post=390"},{"taxonomy":"product_tag","embeddable":true,"href":"https:\/\/www.cepillosirca.com\/en\/wp-json\/wp\/v2\/product_tag?post=390"}],"curies":[{"name":"wp","href":"https:\/\/api.w.org\/{rel}","templated":true}]}}