{"id":395,"date":"2021-07-07T03:33:24","date_gmt":"2021-07-07T03:33:24","guid":{"rendered":"https:\/\/www.cepillosirca.com\/?post_type=product&#038;p=395"},"modified":"2023-09-28T01:30:33","modified_gmt":"2023-09-28T01:30:33","slug":"cepillo-profesional-linea-ebony","status":"publish","type":"product","link":"https:\/\/www.cepillosirca.com\/en\/product\/cepillo-profesional-linea-ebony\/","title":{"rendered":"Ebony Line"},"content":{"rendered":"<p>Los cepillos profesionales de la L\u00ednea Ebony, est\u00e1n montados sobre cabos de madera natural\u00a0 tienen cerdas reforzadas bicolor para el cuidado del pelo. Tienen mango de espuma antideslizante para facilitar el uso en momentos de tensi\u00f3n del pelo, especialmente en cepillados.<\/p>\n<p>Los cepillos de cerdas mixtas, son ideales para darle brillo y suavidad al cabello. Recuerda que puedes utilizar productos como el aceite de arg\u00e1n para conservar por m\u00e1s tiempo tus peinados o cepillados.<\/p>","protected":false},"excerpt":{"rendered":"<p><strong>Ebony Line Professional Brush<\/strong><\/p>\n<p><strong>Material: Natural Wood<\/strong><\/p>\n<p><strong>Bristles: Two-tone Reinforced Nylon<\/strong><\/p>\n<p><strong>Handle: PVC rubber<\/strong><\/p>","protected":false},"featured_media":1190,"comment_status":"open","ping_status":"closed","template":"","meta":{"_et_pb_use_builder":"","_et_pb_old_content":"","_et_gb_content_width":""},"product_cat":[50],"product_tag":[47,46,22,20,21],"class_list":["post-395","product","type-product","status-publish","has-post-thumbnail","hentry","product_cat-linea-mixta","product_tag-cepillo-profesional-irca-linea-ebony","product_tag-cepillo-profesional-linea-ebony","product_tag-cepillos-irca","product_tag-cepillos-profesionales-de-peluqueria","product_tag-cepillos-profesionales-para-el-pelo"],"yoast_head":"<!-- This site is optimized with the Yoast SEO plugin v21.0 - https:\/\/yoast.com\/wordpress\/plugins\/seo\/ -->\n<title>L\u00ednea Ebony | Cepillos Irca<\/title>\n<meta name=\"description\" content=\"Cepillo Profesional L\u00ednea Ebony. Encuentra los mejores cepillos profesionales para el pelo en Industrias Irca. Cont\u00e1ctanos Ahora (031)2000921\" \/>\n<meta name=\"robots\" content=\"index, follow, max-snippet:-1, max-image-preview:large, max-video-preview:-1\" \/>\n<link rel=\"canonical\" href=\"https:\/\/www.cepillosirca.com\/en\/product\/cepillo-profesional-linea-ebony\/\" \/>\n<meta property=\"og:locale\" content=\"en_US\" \/>\n<meta property=\"og:type\" content=\"article\" \/>\n<meta property=\"og:title\" content=\"L\u00ednea Ebony | Cepillos Irca\" \/>\n<meta property=\"og:description\" content=\"Cepillo Profesional L\u00ednea Ebony. Encuentra los mejores cepillos profesionales para el pelo en Industrias Irca. Cont\u00e1ctanos Ahora (031)2000921\" \/>\n<meta property=\"og:url\" content=\"https:\/\/www.cepillosirca.com\/en\/product\/cepillo-profesional-linea-ebony\/\" \/>\n<meta property=\"og:site_name\" content=\"Cepillos Irca\" \/>\n<meta property=\"article:modified_time\" content=\"2023-09-28T01:30:33+00:00\" \/>\n<meta property=\"og:image\" content=\"https:\/\/www.cepillosirca.com\/wp-content\/uploads\/2021\/07\/cepillo-profesional-irca-ebony-1.jpg\" \/>\n\t<meta property=\"og:image:width\" content=\"1649\" \/>\n\t<meta property=\"og:image:height\" content=\"1409\" \/>\n\t<meta property=\"og:image:type\" content=\"image\/png\" \/>\n<meta name=\"twitter:card\" content=\"summary_large_image\" \/>\n<meta name=\"twitter:label1\" content=\"Est. reading time\" \/>\n\t<meta name=\"twitter:data1\" content=\"1 minute\" \/>\n<script type=\"application\/ld+json\" class=\"yoast-schema-graph\">{\"@context\":\"https:\/\/schema.org\",\"@graph\":[{\"@type\":\"WebPage\",\"@id\":\"https:\/\/www.cepillosirca.com\/producto\/cepillo-profesional-linea-ebony\/\",\"url\":\"https:\/\/www.cepillosirca.com\/producto\/cepillo-profesional-linea-ebony\/\",\"name\":\"L\u00ednea Ebony | Cepillos Irca\",\"isPartOf\":{\"@id\":\"https:\/\/www.cepillosirca.com\/#website\"},\"datePublished\":\"2021-07-07T03:33:24+00:00\",\"dateModified\":\"2023-09-28T01:30:33+00:00\",\"description\":\"Cepillo Profesional L\u00ednea Ebony. Encuentra los mejores cepillos profesionales para el pelo en Industrias Irca. Cont\u00e1ctanos Ahora (031)2000921\",\"breadcrumb\":{\"@id\":\"https:\/\/www.cepillosirca.com\/producto\/cepillo-profesional-linea-ebony\/#breadcrumb\"},\"inLanguage\":\"en-US\",\"potentialAction\":[{\"@type\":\"ReadAction\",\"target\":[\"https:\/\/www.cepillosirca.com\/producto\/cepillo-profesional-linea-ebony\/\"]}]},{\"@type\":\"BreadcrumbList\",\"@id\":\"https:\/\/www.cepillosirca.com\/producto\/cepillo-profesional-linea-ebony\/#breadcrumb\",\"itemListElement\":[{\"@type\":\"ListItem\",\"position\":1,\"name\":\"Portada\",\"item\":\"https:\/\/www.cepillosirca.com\/\"},{\"@type\":\"ListItem\",\"position\":2,\"name\":\"Productos\",\"item\":\"https:\/\/www.cepillosirca.com\/productos\/\"},{\"@type\":\"ListItem\",\"position\":3,\"name\":\"L\u00ednea Ebony\"}]},{\"@type\":\"WebSite\",\"@id\":\"https:\/\/www.cepillosirca.com\/#website\",\"url\":\"https:\/\/www.cepillosirca.com\/\",\"name\":\"Cepillos Irca\",\"description\":\"Cepillos Irca\",\"publisher\":{\"@id\":\"https:\/\/www.cepillosirca.com\/#organization\"},\"potentialAction\":[{\"@type\":\"SearchAction\",\"target\":{\"@type\":\"EntryPoint\",\"urlTemplate\":\"https:\/\/www.cepillosirca.com\/?s={search_term_string}\"},\"query-input\":\"required name=search_term_string\"}],\"inLanguage\":\"en-US\"},{\"@type\":\"Organization\",\"@id\":\"https:\/\/www.cepillosirca.com\/#organization\",\"name\":\"Cepillos Irca\",\"url\":\"https:\/\/www.cepillosirca.com\/\",\"logo\":{\"@type\":\"ImageObject\",\"inLanguage\":\"en-US\",\"@id\":\"https:\/\/www.cepillosirca.com\/#\/schema\/logo\/image\/\",\"url\":\"https:\/\/www.cepillosirca.com\/wp-content\/uploads\/2021\/06\/logo-industrias-irca.jpg\",\"contentUrl\":\"https:\/\/www.cepillosirca.com\/wp-content\/uploads\/2021\/06\/logo-industrias-irca.jpg\",\"width\":333,\"height\":151,\"caption\":\"Cepillos Irca\"},\"image\":{\"@id\":\"https:\/\/www.cepillosirca.com\/#\/schema\/logo\/image\/\"}}]}<\/script>\n<!-- \/ Yoast SEO plugin. -->","yoast_head_json":{"title":"L\u00ednea Ebony | Cepillos Irca","description":"Cepillo Profesional L\u00ednea Ebony. Encuentra los mejores cepillos profesionales para el pelo en Industrias Irca. Cont\u00e1ctanos Ahora (031)2000921","robots":{"index":"index","follow":"follow","max-snippet":"max-snippet:-1","max-image-preview":"max-image-preview:large","max-video-preview":"max-video-preview:-1"},"canonical":"https:\/\/www.cepillosirca.com\/en\/product\/cepillo-profesional-linea-ebony\/","og_locale":"en_US","og_type":"article","og_title":"L\u00ednea Ebony | Cepillos Irca","og_description":"Cepillo Profesional L\u00ednea Ebony. Encuentra los mejores cepillos profesionales para el pelo en Industrias Irca. Cont\u00e1ctanos Ahora (031)2000921","og_url":"https:\/\/www.cepillosirca.com\/en\/product\/cepillo-profesional-linea-ebony\/","og_site_name":"Cepillos Irca","article_modified_time":"2023-09-28T01:30:33+00:00","og_image":[{"width":1649,"height":1409,"url":"https:\/\/www.cepillosirca.com\/wp-content\/uploads\/2021\/07\/cepillo-profesional-irca-ebony-1.jpg","type":"image\/png"}],"twitter_card":"summary_large_image","twitter_misc":{"Est. reading time":"1 minute"},"schema":{"@context":"https:\/\/schema.org","@graph":[{"@type":"WebPage","@id":"https:\/\/www.cepillosirca.com\/producto\/cepillo-profesional-linea-ebony\/","url":"https:\/\/www.cepillosirca.com\/producto\/cepillo-profesional-linea-ebony\/","name":"L\u00ednea Ebony | Cepillos Irca","isPartOf":{"@id":"https:\/\/www.cepillosirca.com\/#website"},"datePublished":"2021-07-07T03:33:24+00:00","dateModified":"2023-09-28T01:30:33+00:00","description":"Cepillo Profesional L\u00ednea Ebony. Encuentra los mejores cepillos profesionales para el pelo en Industrias Irca. Cont\u00e1ctanos Ahora (031)2000921","breadcrumb":{"@id":"https:\/\/www.cepillosirca.com\/producto\/cepillo-profesional-linea-ebony\/#breadcrumb"},"inLanguage":"en-US","potentialAction":[{"@type":"ReadAction","target":["https:\/\/www.cepillosirca.com\/producto\/cepillo-profesional-linea-ebony\/"]}]},{"@type":"BreadcrumbList","@id":"https:\/\/www.cepillosirca.com\/producto\/cepillo-profesional-linea-ebony\/#breadcrumb","itemListElement":[{"@type":"ListItem","position":1,"name":"Portada","item":"https:\/\/www.cepillosirca.com\/"},{"@type":"ListItem","position":2,"name":"Productos","item":"https:\/\/www.cepillosirca.com\/productos\/"},{"@type":"ListItem","position":3,"name":"L\u00ednea Ebony"}]},{"@type":"WebSite","@id":"https:\/\/www.cepillosirca.com\/#website","url":"https:\/\/www.cepillosirca.com\/","name":"Cepillos Irca","description":"Cepillos Irca","publisher":{"@id":"https:\/\/www.cepillosirca.com\/#organization"},"potentialAction":[{"@type":"SearchAction","target":{"@type":"EntryPoint","urlTemplate":"https:\/\/www.cepillosirca.com\/?s={search_term_string}"},"query-input":"required name=search_term_string"}],"inLanguage":"en-US"},{"@type":"Organization","@id":"https:\/\/www.cepillosirca.com\/#organization","name":"Cepillos Irca","url":"https:\/\/www.cepillosirca.com\/","logo":{"@type":"ImageObject","inLanguage":"en-US","@id":"https:\/\/www.cepillosirca.com\/#\/schema\/logo\/image\/","url":"https:\/\/www.cepillosirca.com\/wp-content\/uploads\/2021\/06\/logo-industrias-irca.jpg","contentUrl":"https:\/\/www.cepillosirca.com\/wp-content\/uploads\/2021\/06\/logo-industrias-irca.jpg","width":333,"height":151,"caption":"Cepillos Irca"},"image":{"@id":"https:\/\/www.cepillosirca.com\/#\/schema\/logo\/image\/"}}]}},"_links":{"self":[{"href":"https:\/\/www.cepillosirca.com\/en\/wp-json\/wp\/v2\/product\/395","targetHints":{"allow":["GET"]}}],"collection":[{"href":"https:\/\/www.cepillosirca.com\/en\/wp-json\/wp\/v2\/product"}],"about":[{"href":"https:\/\/www.cepillosirca.com\/en\/wp-json\/wp\/v2\/types\/product"}],"replies":[{"embeddable":true,"href":"https:\/\/www.cepillosirca.com\/en\/wp-json\/wp\/v2\/comments?post=395"}],"wp:featuredmedia":[{"embeddable":true,"href":"https:\/\/www.cepillosirca.com\/en\/wp-json\/wp\/v2\/media\/1190"}],"wp:attachment":[{"href":"https:\/\/www.cepillosirca.com\/en\/wp-json\/wp\/v2\/media?parent=395"}],"wp:term":[{"taxonomy":"product_cat","embeddable":true,"href":"https:\/\/www.cepillosirca.com\/en\/wp-json\/wp\/v2\/product_cat?post=395"},{"taxonomy":"product_tag","embeddable":true,"href":"https:\/\/www.cepillosirca.com\/en\/wp-json\/wp\/v2\/product_tag?post=395"}],"curies":[{"name":"wp","href":"https:\/\/api.w.org\/{rel}","templated":true}]}}