{"id":464,"date":"2021-08-03T00:51:13","date_gmt":"2021-08-03T00:51:13","guid":{"rendered":"https:\/\/www.cepillosirca.com\/?post_type=product&#038;p=464"},"modified":"2023-09-28T01:32:03","modified_gmt":"2023-09-28T01:32:03","slug":"cepillo-profesional-linea-eco-natural","status":"publish","type":"product","link":"https:\/\/www.cepillosirca.com\/en\/product\/cepillo-profesional-linea-eco-natural\/","title":{"rendered":"Natural Eco Line"},"content":{"rendered":"<p>El Cepillo Profesional Eco Natural, consta de 4 diferentes tama\u00f1os, para diversos largos de pelo. Estos cepillos profesionales est\u00e1n montados sobre cabos de madera natural; sus cerdas est\u00e1n compuestas de fibras mixtas de nylon profesional y cerda natural. Su mango terminado en punta, brinda mayor ergonom\u00eda al momento de tensionar mechones de pelo.<\/p>\n<p>&nbsp;<\/p>","protected":false},"excerpt":{"rendered":"<p class=\"p1\"><b>Professional Brush Eco Natural Line<\/b><\/p>\n<p class=\"p1\"><b>Material: Natural Wood<\/b><\/p>\n<p class=\"p1\"><b>Bristles: Reinforced nylon, natural bristle<\/b><\/p>\n<p class=\"p1\">","protected":false},"featured_media":1192,"comment_status":"open","ping_status":"closed","template":"","meta":{"_et_pb_use_builder":"","_et_pb_old_content":"","_et_gb_content_width":""},"product_cat":[50],"product_tag":[55,54,22,70,20,21],"class_list":["post-464","product","type-product","status-publish","has-post-thumbnail","hentry","product_cat-linea-mixta","product_tag-cepillo-profesional-irca-linea-wengle","product_tag-cepillo-profesional-linea-wengle","product_tag-cepillos-irca","product_tag-cepillos-profesionales-con-cerdas-mixtas","product_tag-cepillos-profesionales-de-peluqueria","product_tag-cepillos-profesionales-para-el-pelo"],"yoast_head":"<!-- This site is optimized with the Yoast SEO plugin v21.0 - https:\/\/yoast.com\/wordpress\/plugins\/seo\/ -->\n<title>L\u00ednea Eco Natural | Cepillos Irca<\/title>\n<meta name=\"description\" content=\"Cepillo Profesional L\u00ednea Wengle. Si buscas Cepillos profesionales para peluquer\u00eda, est\u00e1s en el lugar ideal. Cepillos Irca.\" \/>\n<meta name=\"robots\" content=\"index, follow, max-snippet:-1, max-image-preview:large, max-video-preview:-1\" \/>\n<link rel=\"canonical\" href=\"https:\/\/www.cepillosirca.com\/en\/product\/cepillo-profesional-linea-eco-natural\/\" \/>\n<meta property=\"og:locale\" content=\"en_US\" \/>\n<meta property=\"og:type\" content=\"article\" \/>\n<meta property=\"og:title\" content=\"L\u00ednea Eco Natural | Cepillos Irca\" \/>\n<meta property=\"og:description\" content=\"Cepillo Profesional L\u00ednea Wengle. Si buscas Cepillos profesionales para peluquer\u00eda, est\u00e1s en el lugar ideal. Cepillos Irca.\" \/>\n<meta property=\"og:url\" content=\"https:\/\/www.cepillosirca.com\/en\/product\/cepillo-profesional-linea-eco-natural\/\" \/>\n<meta property=\"og:site_name\" content=\"Cepillos Irca\" \/>\n<meta property=\"article:modified_time\" content=\"2023-09-28T01:32:03+00:00\" \/>\n<meta property=\"og:image\" content=\"https:\/\/www.cepillosirca.com\/wp-content\/uploads\/2021\/08\/cepillo-profesional-irca-wengle-1.jpg\" \/>\n\t<meta property=\"og:image:width\" content=\"1649\" \/>\n\t<meta property=\"og:image:height\" content=\"1477\" \/>\n\t<meta property=\"og:image:type\" content=\"image\/png\" \/>\n<meta name=\"twitter:card\" content=\"summary_large_image\" \/>\n<meta name=\"twitter:label1\" content=\"Est. reading time\" \/>\n\t<meta name=\"twitter:data1\" content=\"1 minute\" \/>\n<script type=\"application\/ld+json\" class=\"yoast-schema-graph\">{\"@context\":\"https:\/\/schema.org\",\"@graph\":[{\"@type\":\"WebPage\",\"@id\":\"https:\/\/www.cepillosirca.com\/producto\/cepillo-profesional-linea-eco-natural\/\",\"url\":\"https:\/\/www.cepillosirca.com\/producto\/cepillo-profesional-linea-eco-natural\/\",\"name\":\"L\u00ednea Eco Natural | Cepillos Irca\",\"isPartOf\":{\"@id\":\"https:\/\/www.cepillosirca.com\/#website\"},\"datePublished\":\"2021-08-03T00:51:13+00:00\",\"dateModified\":\"2023-09-28T01:32:03+00:00\",\"description\":\"Cepillo Profesional L\u00ednea Wengle. Si buscas Cepillos profesionales para peluquer\u00eda, est\u00e1s en el lugar ideal. Cepillos Irca.\",\"breadcrumb\":{\"@id\":\"https:\/\/www.cepillosirca.com\/producto\/cepillo-profesional-linea-eco-natural\/#breadcrumb\"},\"inLanguage\":\"en-US\",\"potentialAction\":[{\"@type\":\"ReadAction\",\"target\":[\"https:\/\/www.cepillosirca.com\/producto\/cepillo-profesional-linea-eco-natural\/\"]}]},{\"@type\":\"BreadcrumbList\",\"@id\":\"https:\/\/www.cepillosirca.com\/producto\/cepillo-profesional-linea-eco-natural\/#breadcrumb\",\"itemListElement\":[{\"@type\":\"ListItem\",\"position\":1,\"name\":\"Portada\",\"item\":\"https:\/\/www.cepillosirca.com\/\"},{\"@type\":\"ListItem\",\"position\":2,\"name\":\"Productos\",\"item\":\"https:\/\/www.cepillosirca.com\/productos\/\"},{\"@type\":\"ListItem\",\"position\":3,\"name\":\"L\u00ednea Eco Natural\"}]},{\"@type\":\"WebSite\",\"@id\":\"https:\/\/www.cepillosirca.com\/#website\",\"url\":\"https:\/\/www.cepillosirca.com\/\",\"name\":\"Cepillos Irca\",\"description\":\"Cepillos Irca\",\"publisher\":{\"@id\":\"https:\/\/www.cepillosirca.com\/#organization\"},\"potentialAction\":[{\"@type\":\"SearchAction\",\"target\":{\"@type\":\"EntryPoint\",\"urlTemplate\":\"https:\/\/www.cepillosirca.com\/?s={search_term_string}\"},\"query-input\":\"required name=search_term_string\"}],\"inLanguage\":\"en-US\"},{\"@type\":\"Organization\",\"@id\":\"https:\/\/www.cepillosirca.com\/#organization\",\"name\":\"Cepillos Irca\",\"url\":\"https:\/\/www.cepillosirca.com\/\",\"logo\":{\"@type\":\"ImageObject\",\"inLanguage\":\"en-US\",\"@id\":\"https:\/\/www.cepillosirca.com\/#\/schema\/logo\/image\/\",\"url\":\"https:\/\/www.cepillosirca.com\/wp-content\/uploads\/2021\/06\/logo-industrias-irca.jpg\",\"contentUrl\":\"https:\/\/www.cepillosirca.com\/wp-content\/uploads\/2021\/06\/logo-industrias-irca.jpg\",\"width\":333,\"height\":151,\"caption\":\"Cepillos Irca\"},\"image\":{\"@id\":\"https:\/\/www.cepillosirca.com\/#\/schema\/logo\/image\/\"}}]}<\/script>\n<!-- \/ Yoast SEO plugin. -->","yoast_head_json":{"title":"L\u00ednea Eco Natural | Cepillos Irca","description":"Cepillo Profesional L\u00ednea Wengle. Si buscas Cepillos profesionales para peluquer\u00eda, est\u00e1s en el lugar ideal. Cepillos Irca.","robots":{"index":"index","follow":"follow","max-snippet":"max-snippet:-1","max-image-preview":"max-image-preview:large","max-video-preview":"max-video-preview:-1"},"canonical":"https:\/\/www.cepillosirca.com\/en\/product\/cepillo-profesional-linea-eco-natural\/","og_locale":"en_US","og_type":"article","og_title":"L\u00ednea Eco Natural | Cepillos Irca","og_description":"Cepillo Profesional L\u00ednea Wengle. Si buscas Cepillos profesionales para peluquer\u00eda, est\u00e1s en el lugar ideal. Cepillos Irca.","og_url":"https:\/\/www.cepillosirca.com\/en\/product\/cepillo-profesional-linea-eco-natural\/","og_site_name":"Cepillos Irca","article_modified_time":"2023-09-28T01:32:03+00:00","og_image":[{"width":1649,"height":1477,"url":"https:\/\/www.cepillosirca.com\/wp-content\/uploads\/2021\/08\/cepillo-profesional-irca-wengle-1.jpg","type":"image\/png"}],"twitter_card":"summary_large_image","twitter_misc":{"Est. reading time":"1 minute"},"schema":{"@context":"https:\/\/schema.org","@graph":[{"@type":"WebPage","@id":"https:\/\/www.cepillosirca.com\/producto\/cepillo-profesional-linea-eco-natural\/","url":"https:\/\/www.cepillosirca.com\/producto\/cepillo-profesional-linea-eco-natural\/","name":"L\u00ednea Eco Natural | Cepillos Irca","isPartOf":{"@id":"https:\/\/www.cepillosirca.com\/#website"},"datePublished":"2021-08-03T00:51:13+00:00","dateModified":"2023-09-28T01:32:03+00:00","description":"Cepillo Profesional L\u00ednea Wengle. Si buscas Cepillos profesionales para peluquer\u00eda, est\u00e1s en el lugar ideal. Cepillos Irca.","breadcrumb":{"@id":"https:\/\/www.cepillosirca.com\/producto\/cepillo-profesional-linea-eco-natural\/#breadcrumb"},"inLanguage":"en-US","potentialAction":[{"@type":"ReadAction","target":["https:\/\/www.cepillosirca.com\/producto\/cepillo-profesional-linea-eco-natural\/"]}]},{"@type":"BreadcrumbList","@id":"https:\/\/www.cepillosirca.com\/producto\/cepillo-profesional-linea-eco-natural\/#breadcrumb","itemListElement":[{"@type":"ListItem","position":1,"name":"Portada","item":"https:\/\/www.cepillosirca.com\/"},{"@type":"ListItem","position":2,"name":"Productos","item":"https:\/\/www.cepillosirca.com\/productos\/"},{"@type":"ListItem","position":3,"name":"L\u00ednea Eco Natural"}]},{"@type":"WebSite","@id":"https:\/\/www.cepillosirca.com\/#website","url":"https:\/\/www.cepillosirca.com\/","name":"Cepillos Irca","description":"Cepillos Irca","publisher":{"@id":"https:\/\/www.cepillosirca.com\/#organization"},"potentialAction":[{"@type":"SearchAction","target":{"@type":"EntryPoint","urlTemplate":"https:\/\/www.cepillosirca.com\/?s={search_term_string}"},"query-input":"required name=search_term_string"}],"inLanguage":"en-US"},{"@type":"Organization","@id":"https:\/\/www.cepillosirca.com\/#organization","name":"Cepillos Irca","url":"https:\/\/www.cepillosirca.com\/","logo":{"@type":"ImageObject","inLanguage":"en-US","@id":"https:\/\/www.cepillosirca.com\/#\/schema\/logo\/image\/","url":"https:\/\/www.cepillosirca.com\/wp-content\/uploads\/2021\/06\/logo-industrias-irca.jpg","contentUrl":"https:\/\/www.cepillosirca.com\/wp-content\/uploads\/2021\/06\/logo-industrias-irca.jpg","width":333,"height":151,"caption":"Cepillos Irca"},"image":{"@id":"https:\/\/www.cepillosirca.com\/#\/schema\/logo\/image\/"}}]}},"_links":{"self":[{"href":"https:\/\/www.cepillosirca.com\/en\/wp-json\/wp\/v2\/product\/464","targetHints":{"allow":["GET"]}}],"collection":[{"href":"https:\/\/www.cepillosirca.com\/en\/wp-json\/wp\/v2\/product"}],"about":[{"href":"https:\/\/www.cepillosirca.com\/en\/wp-json\/wp\/v2\/types\/product"}],"replies":[{"embeddable":true,"href":"https:\/\/www.cepillosirca.com\/en\/wp-json\/wp\/v2\/comments?post=464"}],"wp:featuredmedia":[{"embeddable":true,"href":"https:\/\/www.cepillosirca.com\/en\/wp-json\/wp\/v2\/media\/1192"}],"wp:attachment":[{"href":"https:\/\/www.cepillosirca.com\/en\/wp-json\/wp\/v2\/media?parent=464"}],"wp:term":[{"taxonomy":"product_cat","embeddable":true,"href":"https:\/\/www.cepillosirca.com\/en\/wp-json\/wp\/v2\/product_cat?post=464"},{"taxonomy":"product_tag","embeddable":true,"href":"https:\/\/www.cepillosirca.com\/en\/wp-json\/wp\/v2\/product_tag?post=464"}],"curies":[{"name":"wp","href":"https:\/\/api.w.org\/{rel}","templated":true}]}}